{"id":9954,"date":"2023-12-07T18:11:17","date_gmt":"2023-12-07T18:11:17","guid":{"rendered":"https:\/\/greentech.com.co\/?page_id=9954"},"modified":"2024-02-07T13:29:47","modified_gmt":"2024-02-07T13:29:47","slug":"sunnel-arca","status":"publish","type":"page","link":"https:\/\/greentech.com.co\/index.php\/sunnel-arca\/","title":{"rendered":"SUNNEL Arca"},"content":{"rendered":"\t\t<div data-elementor-type=\"wp-page\" data-elementor-id=\"9954\" class=\"elementor elementor-9954\">\n\t\t\t\t<div class=\"elementor-element elementor-element-5afe2f9 e-con-full e-flex e-con e-parent\" data-id=\"5afe2f9\" data-element_type=\"container\" data-e-type=\"container\">\n\t\t<div class=\"elementor-element elementor-element-6f8585c e-con-full elementor-hidden-mobile e-flex e-con e-child\" data-id=\"6f8585c\" data-element_type=\"container\" data-e-type=\"container\">\n\t\t\t\t<\/div>\n\t\t<div class=\"elementor-element elementor-element-840cf4a e-con-full e-flex e-con e-child\" data-id=\"840cf4a\" data-element_type=\"container\" data-e-type=\"container\">\n\t\t\t\t<div class=\"elementor-element elementor-element-9fd8dbb elementor-widget elementor-widget-image\" data-id=\"9fd8dbb\" data-element_type=\"widget\" data-e-type=\"widget\" data-widget_type=\"image.default\">\n\t\t\t\t<div class=\"elementor-widget-container\">\n\t\t\t\t\t\t\t\t\t\t\t\t\t\t\t<img fetchpriority=\"high\" decoding=\"async\" width=\"751\" height=\"277\" src=\"https:\/\/greentech.com.co\/wp-content\/uploads\/2024\/01\/Sunnel-grises-768x283.png\" class=\"attachment-medium_large size-medium_large wp-image-10827\" alt=\"sunnel\" srcset=\"https:\/\/greentech.com.co\/wp-content\/uploads\/2024\/01\/Sunnel-grises-768x283.png 768w, https:\/\/greentech.com.co\/wp-content\/uploads\/2024\/01\/Sunnel-grises-300x111.png 300w, https:\/\/greentech.com.co\/wp-content\/uploads\/2024\/01\/Sunnel-grises-600x221.png 600w, https:\/\/greentech.com.co\/wp-content\/uploads\/2024\/01\/Sunnel-grises.png 792w\" sizes=\"(max-width: 751px) 100vw, 751px\" \/>\t\t\t\t\t\t\t\t\t\t\t\t\t\t\t<\/div>\n\t\t\t\t<\/div>\n\t\t\t\t<\/div>\n\t\t<div class=\"elementor-element elementor-element-1493fae e-con-full elementor-hidden-mobile e-flex e-con e-child\" data-id=\"1493fae\" data-element_type=\"container\" data-e-type=\"container\">\n\t\t\t\t<\/div>\n\t\t\t\t<\/div>\n\t\t\t\t<section class=\"elementor-section elementor-top-section elementor-element elementor-element-66ade5e elementor-section-full_width elementor-section-height-default elementor-section-height-default\" data-id=\"66ade5e\" data-element_type=\"section\" data-e-type=\"section\">\n\t\t\t\t\t\t<div class=\"elementor-container elementor-column-gap-no\">\n\t\t\t\t\t<div class=\"elementor-column elementor-col-100 elementor-top-column elementor-element elementor-element-c01b952\" data-id=\"c01b952\" data-element_type=\"column\" data-e-type=\"column\">\n\t\t\t<div class=\"elementor-widget-wrap elementor-element-populated\">\n\t\t\t\t\t\t<section class=\"elementor-section elementor-inner-section elementor-element elementor-element-8d51488 elementor-reverse-tablet elementor-reverse-mobile elementor-section-boxed elementor-section-height-default elementor-section-height-default\" data-id=\"8d51488\" data-element_type=\"section\" data-e-type=\"section\">\n\t\t\t\t\t\t<div class=\"elementor-container elementor-column-gap-no\">\n\t\t\t\t\t<div class=\"elementor-column elementor-col-50 elementor-inner-column elementor-element elementor-element-9eb4083\" data-id=\"9eb4083\" data-element_type=\"column\" data-e-type=\"column\">\n\t\t\t<div class=\"elementor-widget-wrap elementor-element-populated\">\n\t\t\t\t\t\t<div class=\"elementor-element elementor-element-c142079 quote-box p-0 elementor-widget elementor-widget-text-editor\" data-id=\"c142079\" data-element_type=\"widget\" data-e-type=\"widget\" data-widget_type=\"text-editor.default\">\n\t\t\t\t<div class=\"elementor-widget-container\">\n\t\t\t\t\t\t\t\t\t<h3 class=\"quote-box__title\">\u00bfEst\u00e1 interesado\/a en nuestra soluci\u00f3n?<\/h3><p><a class=\"vs-btn\" href=\"https:\/\/greentech.com.co\/index.php\/contacto\/\">Cont\u00e1ctenos<i class=\"far fa-arrow-right\"><\/i><\/a><\/p>\t\t\t\t\t\t\t\t<\/div>\n\t\t\t\t<\/div>\n\t\t\t\t\t<\/div>\n\t\t<\/div>\n\t\t\t\t<div class=\"elementor-column elementor-col-50 elementor-inner-column elementor-element elementor-element-6a03dfe\" data-id=\"6a03dfe\" data-element_type=\"column\" data-e-type=\"column\">\n\t\t\t<div class=\"elementor-widget-wrap elementor-element-populated\">\n\t\t\t\t\t\t<div class=\"elementor-element elementor-element-7aea684 elementor-widget elementor-widget-heading\" data-id=\"7aea684\" data-element_type=\"widget\" data-e-type=\"widget\" data-widget_type=\"heading.default\">\n\t\t\t\t<div class=\"elementor-widget-container\">\n\t\t\t\t\t<h2 class=\"elementor-heading-title elementor-size-default\">SUNNEL Arca\u00ae \n\n<\/h2>\t\t\t\t<\/div>\n\t\t\t\t<\/div>\n\t\t\t\t<div class=\"elementor-element elementor-element-3236a66 elementor-widget elementor-widget-text-editor\" data-id=\"3236a66\" data-element_type=\"widget\" data-e-type=\"widget\" data-widget_type=\"text-editor.default\">\n\t\t\t\t<div class=\"elementor-widget-container\">\n\t\t\t\t\t\t\t\t\t<h6><b>Procesamiento inteligente y eficiente de productos medios de pago <\/b><\/h6><p>Sunnel\u00ae Arca es una Soluci\u00f3n Tecnol\u00f3gica que automatiza los procesos de emisi\u00f3n y gesti\u00f3n de productos de medios de pago electr\u00f3nico, sean estos franquiciados o de marca privada, tales como tarjetas -digitales o f\u00edsicas- de cr\u00e9dito, d\u00e9bito, programas de fidelizaci\u00f3n de clientes, entre otros. Dirigida a entidades financieras, comerciales y de servicios, con soporte de los requerimientos t\u00e9cnicos y funcionales de la industria y de las principales marcas internacionales del mercado tales como Visa y MasterCard.<\/p><p>Su estructura modular satisface las necesidades de las \u00e1reas operativas del negocio, permitiendo un control integral de los procesos de gesti\u00f3n asociados a la emisi\u00f3n de productos de medios de pago electr\u00f3nico.<\/p>\t\t\t\t\t\t\t\t<\/div>\n\t\t\t\t<\/div>\n\t\t\t\t<div class=\"elementor-element elementor-element-fa3a16d elementor-widget__width-initial elementor-widget-mobile__width-inherit elementor-widget elementor-widget-text-editor\" data-id=\"fa3a16d\" data-element_type=\"widget\" data-e-type=\"widget\" data-widget_type=\"text-editor.default\">\n\t\t\t\t<div class=\"elementor-widget-container\">\n\t\t\t\t\t\t\t\t\t<div class=\"service-list-box\"><h6><b>Arquitectura tecnol\u00f3gica SUNNEL ARCA<\/b><\/h6><p>Basado en un dise\u00f1o y arquitectura multi capa, flexible, portable, escalable, con soporte para despliegue en ambientes con caracter\u00edsticas de <b>alta disponibilidad<\/b>, propias de una plataforma de <b>misi\u00f3n cr\u00edtica <\/b>capaz de garantizar el procesamiento de altos vol\u00famenes de informaci\u00f3n y <b>excelentes niveles de performance <\/b>en procesamiento transaccional.<\/p><\/div>\t\t\t\t\t\t\t\t<\/div>\n\t\t\t\t<\/div>\n\t\t\t\t\t<\/div>\n\t\t<\/div>\n\t\t\t\t\t<\/div>\n\t\t<\/section>\n\t\t\t\t\t<\/div>\n\t\t<\/div>\n\t\t\t\t\t<\/div>\n\t\t<\/section>\n\t\t<div class=\"elementor-element elementor-element-9da0f78 e-flex e-con-boxed e-con e-parent\" data-id=\"9da0f78\" data-element_type=\"container\" data-e-type=\"container\">\n\t\t\t\t\t<div class=\"e-con-inner\">\n\t\t\t\t<div class=\"elementor-element elementor-element-7568e89c elementor-widget elementor-widget-bizinosectiontitle\" data-id=\"7568e89c\" data-element_type=\"widget\" data-e-type=\"widget\" data-widget_type=\"bizinosectiontitle.default\">\n\t\t\t\t<div class=\"elementor-widget-container\">\n\t\t\t\t\t            <!--    Title Style 1        -->\r\n            <div class=\"section-title-cs\">\r\n                <h2 class=\"sec-title5\">\u00bfPor qu\u00e9 Sunnel Arca?<\/h2>            <\/div>\r\n            \t\t\t\t<\/div>\n\t\t\t\t<\/div>\n\t\t\t\t\t<\/div>\n\t\t\t\t<\/div>\n\t\t<div class=\"elementor-element elementor-element-b745ce6 e-flex e-con-boxed e-con e-parent\" data-id=\"b745ce6\" data-element_type=\"container\" data-e-type=\"container\">\n\t\t\t\t\t<div class=\"e-con-inner\">\n\t\t<div class=\"elementor-element elementor-element-76fc6b3 e-con-full e-flex e-con e-child\" data-id=\"76fc6b3\" data-element_type=\"container\" data-e-type=\"container\">\n\t\t\t\t<div class=\"elementor-element elementor-element-f2a8b91 elementor-widget__width-initial elementor-widget elementor-widget-image\" data-id=\"f2a8b91\" data-element_type=\"widget\" data-e-type=\"widget\" data-widget_type=\"image.default\">\n\t\t\t\t<div class=\"elementor-widget-container\">\n\t\t\t\t\t\t\t\t\t\t\t\t\t\t\t<img decoding=\"async\" width=\"118\" height=\"127\" src=\"https:\/\/greentech.com.co\/wp-content\/uploads\/2023\/12\/iconos.png\" class=\"attachment-medium size-medium wp-image-10400\" alt=\"\" \/>\t\t\t\t\t\t\t\t\t\t\t\t\t\t\t<\/div>\n\t\t\t\t<\/div>\n\t\t\t\t<div class=\"elementor-element elementor-element-b8dc91c elementor-widget-divider--view-line elementor-widget elementor-widget-divider\" data-id=\"b8dc91c\" data-element_type=\"widget\" data-e-type=\"widget\" data-widget_type=\"divider.default\">\n\t\t\t\t<div class=\"elementor-widget-container\">\n\t\t\t\t\t\t\t<div class=\"elementor-divider\">\n\t\t\t<span class=\"elementor-divider-separator\">\n\t\t\t\t\t\t<\/span>\n\t\t<\/div>\n\t\t\t\t\t\t<\/div>\n\t\t\t\t<\/div>\n\t\t\t\t<div class=\"elementor-element elementor-element-f773547 elementor-widget elementor-widget-text-editor\" data-id=\"f773547\" data-element_type=\"widget\" data-e-type=\"widget\" data-widget_type=\"text-editor.default\">\n\t\t\t\t<div class=\"elementor-widget-container\">\n\t\t\t\t\t\t\t\t\t<p>Cumplimiento de <strong>est\u00e1ndares para el procesamiento de transacciones electr\u00f3nicas<\/strong> y cubrimiento de los requerimientos funcionales de los reglamentos operativos de las principales franquicias de medios de pago a nivel mundial.<\/p>\t\t\t\t\t\t\t\t<\/div>\n\t\t\t\t<\/div>\n\t\t\t\t<\/div>\n\t\t<div class=\"elementor-element elementor-element-89fac42 e-con-full e-flex e-con e-child\" data-id=\"89fac42\" data-element_type=\"container\" data-e-type=\"container\">\n\t\t\t\t<\/div>\n\t\t<div class=\"elementor-element elementor-element-9083f9a e-con-full e-flex e-con e-child\" data-id=\"9083f9a\" data-element_type=\"container\" data-e-type=\"container\">\n\t\t\t\t<div class=\"elementor-element elementor-element-f20787a elementor-widget elementor-widget-image\" data-id=\"f20787a\" data-element_type=\"widget\" data-e-type=\"widget\" data-widget_type=\"image.default\">\n\t\t\t\t<div class=\"elementor-widget-container\">\n\t\t\t\t\t\t\t\t\t\t\t\t\t\t\t<img decoding=\"async\" width=\"118\" height=\"127\" src=\"https:\/\/greentech.com.co\/wp-content\/uploads\/2023\/12\/audifcuida.png\" class=\"attachment-medium size-medium wp-image-10402\" alt=\"\" \/>\t\t\t\t\t\t\t\t\t\t\t\t\t\t\t<\/div>\n\t\t\t\t<\/div>\n\t\t\t\t<div class=\"elementor-element elementor-element-610b083 elementor-widget-divider--view-line elementor-widget elementor-widget-divider\" data-id=\"610b083\" data-element_type=\"widget\" data-e-type=\"widget\" data-widget_type=\"divider.default\">\n\t\t\t\t<div class=\"elementor-widget-container\">\n\t\t\t\t\t\t\t<div class=\"elementor-divider\">\n\t\t\t<span class=\"elementor-divider-separator\">\n\t\t\t\t\t\t<\/span>\n\t\t<\/div>\n\t\t\t\t\t\t<\/div>\n\t\t\t\t<\/div>\n\t\t\t\t<div class=\"elementor-element elementor-element-3d28c94 elementor-widget elementor-widget-text-editor\" data-id=\"3d28c94\" data-element_type=\"widget\" data-e-type=\"widget\" data-widget_type=\"text-editor.default\">\n\t\t\t\t<div class=\"elementor-widget-container\">\n\t\t\t\t\t\t\t\t\t<p>Cumplimiento de <strong>est\u00e1ndares de seguridad<\/strong> que garantizan la protecci\u00f3n y confiabilidad de la informaci\u00f3n y dem\u00e1s datos sensibles de los usuarios de productos de medios de pago electr\u00f3nico.<\/p>\t\t\t\t\t\t\t\t<\/div>\n\t\t\t\t<\/div>\n\t\t\t\t<\/div>\n\t\t<div class=\"elementor-element elementor-element-03f06df e-con-full e-flex e-con e-child\" data-id=\"03f06df\" data-element_type=\"container\" data-e-type=\"container\">\n\t\t\t\t<\/div>\n\t\t<div class=\"elementor-element elementor-element-a1e0e68 e-con-full e-flex e-con e-child\" data-id=\"a1e0e68\" data-element_type=\"container\" data-e-type=\"container\">\n\t\t\t\t<div class=\"elementor-element elementor-element-8384fbb elementor-widget elementor-widget-image\" data-id=\"8384fbb\" data-element_type=\"widget\" data-e-type=\"widget\" data-widget_type=\"image.default\">\n\t\t\t\t<div class=\"elementor-widget-container\">\n\t\t\t\t\t\t\t\t\t\t\t\t\t\t\t<img loading=\"lazy\" decoding=\"async\" width=\"118\" height=\"127\" src=\"https:\/\/greentech.com.co\/wp-content\/uploads\/2023\/12\/cloudservidor.png\" class=\"attachment-medium size-medium wp-image-10403\" alt=\"\" \/>\t\t\t\t\t\t\t\t\t\t\t\t\t\t\t<\/div>\n\t\t\t\t<\/div>\n\t\t\t\t<div class=\"elementor-element elementor-element-12fcdd1 elementor-widget-divider--view-line elementor-widget elementor-widget-divider\" data-id=\"12fcdd1\" data-element_type=\"widget\" data-e-type=\"widget\" data-widget_type=\"divider.default\">\n\t\t\t\t<div class=\"elementor-widget-container\">\n\t\t\t\t\t\t\t<div class=\"elementor-divider\">\n\t\t\t<span class=\"elementor-divider-separator\">\n\t\t\t\t\t\t<\/span>\n\t\t<\/div>\n\t\t\t\t\t\t<\/div>\n\t\t\t\t<\/div>\n\t\t\t\t<div class=\"elementor-element elementor-element-34ee5fc elementor-widget elementor-widget-text-editor\" data-id=\"34ee5fc\" data-element_type=\"widget\" data-e-type=\"widget\" data-widget_type=\"text-editor.default\">\n\t\t\t\t<div class=\"elementor-widget-container\">\n\t\t\t\t\t\t\t\t\t<p>Cumplimiento de requerimientos de las \u00e1reas operativas del negocio, permitiendo un<strong> control integral de los procesos de gesti\u00f3n<\/strong> asociados a la emisi\u00f3n de productos de medios de pago electr\u00f3nico.<\/p>\t\t\t\t\t\t\t\t<\/div>\n\t\t\t\t<\/div>\n\t\t\t\t<\/div>\n\t\t\t\t\t<\/div>\n\t\t\t\t<\/div>\n\t\t<div class=\"elementor-element elementor-element-3798ddc e-flex e-con-boxed e-con e-parent\" data-id=\"3798ddc\" data-element_type=\"container\" data-e-type=\"container\">\n\t\t\t\t\t<div class=\"e-con-inner\">\n\t\t<div class=\"elementor-element elementor-element-c06ae8d e-con-full e-flex e-con e-child\" data-id=\"c06ae8d\" data-element_type=\"container\" data-e-type=\"container\">\n\t\t\t\t<div class=\"elementor-element elementor-element-28ca4d2 elementor-widget__width-initial elementor-widget elementor-widget-image\" data-id=\"28ca4d2\" data-element_type=\"widget\" data-e-type=\"widget\" data-widget_type=\"image.default\">\n\t\t\t\t<div class=\"elementor-widget-container\">\n\t\t\t\t\t\t\t\t\t\t\t\t\t\t\t<img loading=\"lazy\" decoding=\"async\" width=\"118\" height=\"127\" src=\"https:\/\/greentech.com.co\/wp-content\/uploads\/2023\/12\/tarjeta-en-mano.png\" class=\"attachment-medium size-medium wp-image-10348\" alt=\"\" \/>\t\t\t\t\t\t\t\t\t\t\t\t\t\t\t<\/div>\n\t\t\t\t<\/div>\n\t\t\t\t<div class=\"elementor-element elementor-element-d9d54a9 elementor-widget-divider--view-line elementor-widget elementor-widget-divider\" data-id=\"d9d54a9\" data-element_type=\"widget\" data-e-type=\"widget\" data-widget_type=\"divider.default\">\n\t\t\t\t<div class=\"elementor-widget-container\">\n\t\t\t\t\t\t\t<div class=\"elementor-divider\">\n\t\t\t<span class=\"elementor-divider-separator\">\n\t\t\t\t\t\t<\/span>\n\t\t<\/div>\n\t\t\t\t\t\t<\/div>\n\t\t\t\t<\/div>\n\t\t\t\t<div class=\"elementor-element elementor-element-dead9d1 elementor-widget elementor-widget-text-editor\" data-id=\"dead9d1\" data-element_type=\"widget\" data-e-type=\"widget\" data-widget_type=\"text-editor.default\">\n\t\t\t\t<div class=\"elementor-widget-container\">\n\t\t\t\t\t\t\t\t\t<p><strong>Flexibilidad<\/strong> para soportar m\u00faltiples modelos de procesamiento:<\/p><ul><li><p>Multi-Tenant<\/p><\/li><li><p>Multi-Moneda<\/p><\/li><li><p>Multi-Pa\u00eds<\/p><\/li><li><p>Multi-Cuenta<\/p><\/li><li><p>Multi-Franquicia<\/p><\/li><li><p>Modelos de negocio B2B2C y B2C.<\/p><\/li><\/ul>\t\t\t\t\t\t\t\t<\/div>\n\t\t\t\t<\/div>\n\t\t\t\t<\/div>\n\t\t<div class=\"elementor-element elementor-element-c34bd8a e-con-full e-flex e-con e-child\" data-id=\"c34bd8a\" data-element_type=\"container\" data-e-type=\"container\">\n\t\t\t\t<\/div>\n\t\t<div class=\"elementor-element elementor-element-58800d4 e-con-full e-flex e-con e-child\" data-id=\"58800d4\" data-element_type=\"container\" data-e-type=\"container\">\n\t\t\t\t<div class=\"elementor-element elementor-element-02ee143 elementor-widget elementor-widget-image\" data-id=\"02ee143\" data-element_type=\"widget\" data-e-type=\"widget\" data-widget_type=\"image.default\">\n\t\t\t\t<div class=\"elementor-widget-container\">\n\t\t\t\t\t\t\t\t\t\t\t\t\t\t\t<img loading=\"lazy\" decoding=\"async\" width=\"118\" height=\"127\" src=\"https:\/\/greentech.com.co\/wp-content\/uploads\/2023\/12\/compras.png\" class=\"attachment-medium size-medium wp-image-10349\" alt=\"\" \/>\t\t\t\t\t\t\t\t\t\t\t\t\t\t\t<\/div>\n\t\t\t\t<\/div>\n\t\t\t\t<div class=\"elementor-element elementor-element-d24e2f8 elementor-widget-divider--view-line elementor-widget elementor-widget-divider\" data-id=\"d24e2f8\" data-element_type=\"widget\" data-e-type=\"widget\" data-widget_type=\"divider.default\">\n\t\t\t\t<div class=\"elementor-widget-container\">\n\t\t\t\t\t\t\t<div class=\"elementor-divider\">\n\t\t\t<span class=\"elementor-divider-separator\">\n\t\t\t\t\t\t<\/span>\n\t\t<\/div>\n\t\t\t\t\t\t<\/div>\n\t\t\t\t<\/div>\n\t\t\t\t<div class=\"elementor-element elementor-element-eac4912 elementor-widget elementor-widget-text-editor\" data-id=\"eac4912\" data-element_type=\"widget\" data-e-type=\"widget\" data-widget_type=\"text-editor.default\">\n\t\t\t\t<div class=\"elementor-widget-container\">\n\t\t\t\t\t\t\t\t\t<p><strong>Alto nivel de Conectividad e interoperabilidad:<\/strong> Integraci\u00f3n v\u00eda APIs como estrategia de interacci\u00f3n con aplicaciones externas para el despliegue de una amplia gama de funciones y servicios del negocio. M\u00faltiples Canales para Procesamiento de Transacciones Financieras (Redes POS, Redes ATMs, e-Commerce, Call Center, etc.)<\/p>\t\t\t\t\t\t\t\t<\/div>\n\t\t\t\t<\/div>\n\t\t\t\t<\/div>\n\t\t<div class=\"elementor-element elementor-element-4ad3193 e-con-full e-flex e-con e-child\" data-id=\"4ad3193\" data-element_type=\"container\" data-e-type=\"container\">\n\t\t\t\t<\/div>\n\t\t<div class=\"elementor-element elementor-element-e649908 e-con-full e-flex e-con e-child\" data-id=\"e649908\" data-element_type=\"container\" data-e-type=\"container\">\n\t\t\t\t<div class=\"elementor-element elementor-element-fb18138 elementor-widget elementor-widget-image\" data-id=\"fb18138\" data-element_type=\"widget\" data-e-type=\"widget\" data-widget_type=\"image.default\">\n\t\t\t\t<div class=\"elementor-widget-container\">\n\t\t\t\t\t\t\t\t\t\t\t\t\t\t\t<img loading=\"lazy\" decoding=\"async\" width=\"118\" height=\"127\" src=\"https:\/\/greentech.com.co\/wp-content\/uploads\/2023\/12\/configurallave.png\" class=\"attachment-medium size-medium wp-image-10350\" alt=\"\" \/>\t\t\t\t\t\t\t\t\t\t\t\t\t\t\t<\/div>\n\t\t\t\t<\/div>\n\t\t\t\t<div class=\"elementor-element elementor-element-b8c8c34 elementor-widget-divider--view-line elementor-widget elementor-widget-divider\" data-id=\"b8c8c34\" data-element_type=\"widget\" data-e-type=\"widget\" data-widget_type=\"divider.default\">\n\t\t\t\t<div class=\"elementor-widget-container\">\n\t\t\t\t\t\t\t<div class=\"elementor-divider\">\n\t\t\t<span class=\"elementor-divider-separator\">\n\t\t\t\t\t\t<\/span>\n\t\t<\/div>\n\t\t\t\t\t\t<\/div>\n\t\t\t\t<\/div>\n\t\t\t\t<div class=\"elementor-element elementor-element-67d8fc4 elementor-widget elementor-widget-text-editor\" data-id=\"67d8fc4\" data-element_type=\"widget\" data-e-type=\"widget\" data-widget_type=\"text-editor.default\">\n\t\t\t\t<div class=\"elementor-widget-container\">\n\t\t\t\t\t\t\t\t\t<p><strong>Autorizador de transacciones electr\u00f3nicas de alto desempe\u00f1o:<\/strong> Con capacidad para el procesamiento de un alto volumen de transacciones financieras, con soporte de Operaci\u00f3n (24&#215;7) y con total autonom\u00eda e independencia del BackOffice. Basado en est\u00e1ndares internacionalmente aceptados (ISO8583, Base24).<\/p>\t\t\t\t\t\t\t\t<\/div>\n\t\t\t\t<\/div>\n\t\t\t\t<\/div>\n\t\t\t\t\t<\/div>\n\t\t\t\t<\/div>\n\t\t\t\t<\/div>\n\t\t","protected":false},"excerpt":{"rendered":"<p>\u00bfEst\u00e1 interesado\/a en nuestra soluci\u00f3n? Cont\u00e1ctenos SUNNEL Arca\u00ae Procesamiento inteligente y eficiente de productos medios de pago Sunnel\u00ae Arca es una Soluci\u00f3n Tecnol\u00f3gica que automatiza los procesos de emisi\u00f3n y gesti\u00f3n de productos de medios de pago electr\u00f3nico, sean estos franquiciados o de marca privada, tales como tarjetas -digitales o f\u00edsicas- de cr\u00e9dito, d\u00e9bito, programas&#8230;<\/p>\n","protected":false},"author":1,"featured_media":0,"parent":0,"menu_order":0,"comment_status":"closed","ping_status":"closed","template":"elementor_header_footer","meta":{"_monsterinsights_skip_tracking":false,"_monsterinsights_sitenote_active":false,"_monsterinsights_sitenote_note":"","_monsterinsights_sitenote_category":0,"footnotes":""},"class_list":["post-9954","page","type-page","status-publish","hentry"],"aioseo_notices":[],"_links":{"self":[{"href":"https:\/\/greentech.com.co\/index.php\/wp-json\/wp\/v2\/pages\/9954","targetHints":{"allow":["GET"]}}],"collection":[{"href":"https:\/\/greentech.com.co\/index.php\/wp-json\/wp\/v2\/pages"}],"about":[{"href":"https:\/\/greentech.com.co\/index.php\/wp-json\/wp\/v2\/types\/page"}],"author":[{"embeddable":true,"href":"https:\/\/greentech.com.co\/index.php\/wp-json\/wp\/v2\/users\/1"}],"replies":[{"embeddable":true,"href":"https:\/\/greentech.com.co\/index.php\/wp-json\/wp\/v2\/comments?post=9954"}],"version-history":[{"count":183,"href":"https:\/\/greentech.com.co\/index.php\/wp-json\/wp\/v2\/pages\/9954\/revisions"}],"predecessor-version":[{"id":11657,"href":"https:\/\/greentech.com.co\/index.php\/wp-json\/wp\/v2\/pages\/9954\/revisions\/11657"}],"wp:attachment":[{"href":"https:\/\/greentech.com.co\/index.php\/wp-json\/wp\/v2\/media?parent=9954"}],"curies":[{"name":"wp","href":"https:\/\/api.w.org\/{rel}","templated":true}]}}