{"id":9752,"date":"2023-10-24T14:52:47","date_gmt":"2023-10-24T14:52:47","guid":{"rendered":"https:\/\/greentech.com.co\/?page_id=9752"},"modified":"2024-02-07T13:13:02","modified_gmt":"2024-02-07T13:13:02","slug":"nuestro-equipo","status":"publish","type":"page","link":"https:\/\/greentech.com.co\/index.php\/nuestro-equipo\/","title":{"rendered":"Nuestro equipo"},"content":{"rendered":"\t\t<div data-elementor-type=\"wp-page\" data-elementor-id=\"9752\" class=\"elementor elementor-9752\">\n\t\t\t\t<div class=\"elementor-element elementor-element-22eb503d e-flex e-con-boxed e-con e-parent\" data-id=\"22eb503d\" data-element_type=\"container\" data-e-type=\"container\" id=\"nuestro-equipo\">\n\t\t\t\t\t<div class=\"e-con-inner\">\n\t\t<div class=\"elementor-element elementor-element-169cf75b e-con-full e-flex e-con e-child\" data-id=\"169cf75b\" data-element_type=\"container\" data-e-type=\"container\">\n\t\t\t\t<div class=\"elementor-element elementor-element-6e3c9b4f elementor-widget elementor-widget-bizinosectiontitle\" data-id=\"6e3c9b4f\" data-element_type=\"widget\" data-e-type=\"widget\" data-widget_type=\"bizinosectiontitle.default\">\n\t\t\t\t<div class=\"elementor-widget-container\">\n\t\t\t\t\t            <!--    Title Style 1        -->\r\n            <div class=\"section-title-cs\">\r\n                <h3 class=\"sec-title5\">Nuestro equipo<\/h3><p class=\"mb-xl-4 pb-xl-3 pe-xxl-4\">Nuestro equipo conformado por expertos en la industria, altamente cualificados y con un conocimiento profundo en tecnolog\u00eda de la informaci\u00f3n, asegura poder disponer para nuestros clientes soluciones innovadoras y con los m\u00e1s altos niveles de excelencia en t\u00e9rminos de calidad, cumplimiento de est\u00e1ndares y requerimientos del negocio.\n<\/p>            <\/div>\r\n            \t\t\t\t<\/div>\n\t\t\t\t<\/div>\n\t\t\t\t<\/div>\n\t\t<div class=\"elementor-element elementor-element-1f6d9571 e-con-full e-flex e-con e-child\" data-id=\"1f6d9571\" data-element_type=\"container\" data-e-type=\"container\">\n\t\t\t\t<div class=\"elementor-element elementor-element-38274c27 elementor-widget elementor-widget-image\" data-id=\"38274c27\" data-element_type=\"widget\" data-e-type=\"widget\" data-widget_type=\"image.default\">\n\t\t\t\t<div class=\"elementor-widget-container\">\n\t\t\t\t\t\t\t\t\t\t\t\t\t\t\t<img fetchpriority=\"high\" decoding=\"async\" width=\"1608\" height=\"1432\" src=\"https:\/\/greentech.com.co\/wp-content\/uploads\/2023\/10\/Captura-de-pantalla-2023-10-17-a-las-4.32.24-p.m.png\" class=\"attachment-full size-full wp-image-9517\" alt=\"\" srcset=\"https:\/\/greentech.com.co\/wp-content\/uploads\/2023\/10\/Captura-de-pantalla-2023-10-17-a-las-4.32.24-p.m.png 1608w, https:\/\/greentech.com.co\/wp-content\/uploads\/2023\/10\/Captura-de-pantalla-2023-10-17-a-las-4.32.24-p.m-300x267.png 300w, https:\/\/greentech.com.co\/wp-content\/uploads\/2023\/10\/Captura-de-pantalla-2023-10-17-a-las-4.32.24-p.m-1024x912.png 1024w, https:\/\/greentech.com.co\/wp-content\/uploads\/2023\/10\/Captura-de-pantalla-2023-10-17-a-las-4.32.24-p.m-768x684.png 768w, https:\/\/greentech.com.co\/wp-content\/uploads\/2023\/10\/Captura-de-pantalla-2023-10-17-a-las-4.32.24-p.m-90x80.png 90w, https:\/\/greentech.com.co\/wp-content\/uploads\/2023\/10\/Captura-de-pantalla-2023-10-17-a-las-4.32.24-p.m-1536x1368.png 1536w, https:\/\/greentech.com.co\/wp-content\/uploads\/2023\/10\/Captura-de-pantalla-2023-10-17-a-las-4.32.24-p.m-600x534.png 600w\" sizes=\"(max-width: 1608px) 100vw, 1608px\" \/>\t\t\t\t\t\t\t\t\t\t\t\t\t\t\t<\/div>\n\t\t\t\t<\/div>\n\t\t\t\t<\/div>\n\t\t\t\t\t<\/div>\n\t\t\t\t<\/div>\n\t\t\t\t<section class=\"elementor-section elementor-top-section elementor-element elementor-element-262858fc elementor-section-full_width elementor-section-height-default elementor-section-height-default\" data-id=\"262858fc\" data-element_type=\"section\" data-e-type=\"section\" data-settings=\"{&quot;background_background&quot;:&quot;classic&quot;}\">\n\t\t\t\t\t\t<div class=\"elementor-container elementor-column-gap-no\">\n\t\t\t\t\t<div class=\"elementor-column elementor-col-100 elementor-top-column elementor-element elementor-element-6fa9f201\" data-id=\"6fa9f201\" data-element_type=\"column\" data-e-type=\"column\">\n\t\t\t<div class=\"elementor-widget-wrap\">\n\t\t\t\t\t\t\t<\/div>\n\t\t<\/div>\n\t\t\t\t\t<\/div>\n\t\t<\/section>\n\t\t\t\t<section class=\"elementor-section elementor-top-section elementor-element elementor-element-667173c8 elementor-section-full_width elementor-section-height-default elementor-section-height-default\" data-id=\"667173c8\" data-element_type=\"section\" data-e-type=\"section\" data-settings=\"{&quot;background_background&quot;:&quot;classic&quot;}\">\n\t\t\t\t\t\t\t<div class=\"elementor-background-overlay\"><\/div>\n\t\t\t\t\t\t\t<div class=\"elementor-container elementor-column-gap-no\">\n\t\t\t\t\t<div class=\"elementor-column elementor-col-100 elementor-top-column elementor-element elementor-element-143d6b8c\" data-id=\"143d6b8c\" data-element_type=\"column\" data-e-type=\"column\">\n\t\t\t<div class=\"elementor-widget-wrap elementor-element-populated\">\n\t\t\t\t\t\t<section class=\"elementor-section elementor-inner-section elementor-element elementor-element-789289e5 elementor-section-boxed elementor-section-height-default elementor-section-height-default\" data-id=\"789289e5\" data-element_type=\"section\" data-e-type=\"section\">\n\t\t\t\t\t\t<div class=\"elementor-container elementor-column-gap-no\">\n\t\t\t\t\t<div class=\"elementor-column elementor-col-50 elementor-inner-column elementor-element elementor-element-5b70d961\" data-id=\"5b70d961\" data-element_type=\"column\" data-e-type=\"column\">\n\t\t\t<div class=\"elementor-widget-wrap elementor-element-populated\">\n\t\t\t\t\t\t<div class=\"elementor-element elementor-element-2194bfd0 elementor-widget__width-initial elementor-widget elementor-widget-text-editor\" data-id=\"2194bfd0\" data-element_type=\"widget\" data-e-type=\"widget\" data-widget_type=\"text-editor.default\">\n\t\t\t\t<div class=\"elementor-widget-container\">\n\t\t\t\t\t\t\t\t\t<p><span class=\"sec-subtitle text-white\">\u00bfEst\u00e1 interesado\/a en trabajar con nosotros?<\/span><\/p><h2 class=\"h1 sec-title text-white\">Trabajemos juntos<\/h2>\t\t\t\t\t\t\t\t<\/div>\n\t\t\t\t<\/div>\n\t\t\t\t\t<\/div>\n\t\t<\/div>\n\t\t\t\t<div class=\"elementor-column elementor-col-50 elementor-inner-column elementor-element elementor-element-118a65cf\" data-id=\"118a65cf\" data-element_type=\"column\" data-e-type=\"column\">\n\t\t\t<div class=\"elementor-widget-wrap elementor-element-populated\">\n\t\t\t\t\t\t<div class=\"elementor-element elementor-element-320cebe6 elementor-widget__width-initial elementor-widget elementor-widget-techbizbutton\" data-id=\"320cebe6\" data-element_type=\"widget\" data-e-type=\"widget\" data-widget_type=\"techbizbutton.default\">\n\t\t\t\t<div class=\"elementor-widget-container\">\n\t\t\t\t\t<!-- Button --><div class=\"btn-wrapper right\"><a class=\"vs-btn\" href=\"mailto:info@greentech.com.co\">Cont\u00e1ctenos<i class=\"far fa-arrow-right\"><\/i><\/a><\/div><!-- End Button -->\t\t\t\t<\/div>\n\t\t\t\t<\/div>\n\t\t\t\t\t<\/div>\n\t\t<\/div>\n\t\t\t\t\t<\/div>\n\t\t<\/section>\n\t\t\t\t\t<\/div>\n\t\t<\/div>\n\t\t\t\t\t<\/div>\n\t\t<\/section>\n\t\t\t\t<\/div>\n\t\t","protected":false},"excerpt":{"rendered":"<p>Nuestro equipo Nuestro equipo conformado por expertos en la industria, altamente cualificados y con un conocimiento profundo en tecnolog\u00eda de la informaci\u00f3n, asegura poder disponer para nuestros clientes soluciones innovadoras y con los m\u00e1s altos niveles de excelencia en t\u00e9rminos de calidad, cumplimiento de est\u00e1ndares y requerimientos del negocio. \u00bfEst\u00e1 interesado\/a en trabajar con nosotros?&#8230;<\/p>\n","protected":false},"author":1,"featured_media":0,"parent":0,"menu_order":0,"comment_status":"closed","ping_status":"closed","template":"elementor_header_footer","meta":{"_monsterinsights_skip_tracking":false,"_monsterinsights_sitenote_active":false,"_monsterinsights_sitenote_note":"","_monsterinsights_sitenote_category":0,"footnotes":""},"class_list":["post-9752","page","type-page","status-publish","hentry"],"aioseo_notices":[],"_links":{"self":[{"href":"https:\/\/greentech.com.co\/index.php\/wp-json\/wp\/v2\/pages\/9752","targetHints":{"allow":["GET"]}}],"collection":[{"href":"https:\/\/greentech.com.co\/index.php\/wp-json\/wp\/v2\/pages"}],"about":[{"href":"https:\/\/greentech.com.co\/index.php\/wp-json\/wp\/v2\/types\/page"}],"author":[{"embeddable":true,"href":"https:\/\/greentech.com.co\/index.php\/wp-json\/wp\/v2\/users\/1"}],"replies":[{"embeddable":true,"href":"https:\/\/greentech.com.co\/index.php\/wp-json\/wp\/v2\/comments?post=9752"}],"version-history":[{"count":18,"href":"https:\/\/greentech.com.co\/index.php\/wp-json\/wp\/v2\/pages\/9752\/revisions"}],"predecessor-version":[{"id":11593,"href":"https:\/\/greentech.com.co\/index.php\/wp-json\/wp\/v2\/pages\/9752\/revisions\/11593"}],"wp:attachment":[{"href":"https:\/\/greentech.com.co\/index.php\/wp-json\/wp\/v2\/media?parent=9752"}],"curies":[{"name":"wp","href":"https:\/\/api.w.org\/{rel}","templated":true}]}}