{"id":9695,"date":"2023-10-18T18:03:19","date_gmt":"2023-10-18T18:03:19","guid":{"rendered":"https:\/\/greentech.com.co\/?page_id=9695"},"modified":"2024-02-07T13:29:23","modified_gmt":"2024-02-07T13:29:23","slug":"mision","status":"publish","type":"page","link":"https:\/\/greentech.com.co\/index.php\/mision\/","title":{"rendered":"Misi\u00f3n y Visi\u00f3n"},"content":{"rendered":"\t\t<div data-elementor-type=\"wp-page\" data-elementor-id=\"9695\" class=\"elementor elementor-9695\">\n\t\t\t\t\t\t<section class=\"elementor-section elementor-top-section elementor-element elementor-element-75aeda8 elementor-section-boxed elementor-section-height-default elementor-section-height-default\" data-id=\"75aeda8\" data-element_type=\"section\" data-e-type=\"section\">\n\t\t\t\t\t\t\t<div class=\"elementor-background-overlay\"><\/div>\n\t\t\t\t\t\t\t<div class=\"elementor-container elementor-column-gap-default\">\n\t\t\t\t\t<div class=\"elementor-column elementor-col-33 elementor-top-column elementor-element elementor-element-b6415c6\" data-id=\"b6415c6\" data-element_type=\"column\" data-e-type=\"column\">\n\t\t\t<div class=\"elementor-widget-wrap elementor-element-populated\">\n\t\t\t\t\t\t<section class=\"elementor-section elementor-inner-section elementor-element elementor-element-26b4c151 elementor-section-boxed elementor-section-height-default elementor-section-height-default\" data-id=\"26b4c151\" data-element_type=\"section\" data-e-type=\"section\">\n\t\t\t\t\t\t<div class=\"elementor-container elementor-column-gap-default\">\n\t\t\t\t\t<div class=\"elementor-column elementor-col-50 elementor-inner-column elementor-element elementor-element-7016e049\" data-id=\"7016e049\" data-element_type=\"column\" data-e-type=\"column\">\n\t\t\t<div class=\"elementor-widget-wrap elementor-element-populated\">\n\t\t\t\t\t\t<div class=\"elementor-element elementor-element-62429e98 elementor-widget__width-initial elementor-widget elementor-widget-image\" data-id=\"62429e98\" data-element_type=\"widget\" data-e-type=\"widget\" data-widget_type=\"image.default\">\n\t\t\t\t<div class=\"elementor-widget-container\">\n\t\t\t\t\t\t\t\t\t\t\t\t\t\t\t<img fetchpriority=\"high\" decoding=\"async\" width=\"751\" height=\"751\" src=\"https:\/\/greentech.com.co\/wp-content\/uploads\/2023\/10\/Mision-1024x1024.jpg\" class=\"elementor-animation-hang attachment-large size-large wp-image-9435\" alt=\"\" srcset=\"https:\/\/greentech.com.co\/wp-content\/uploads\/2023\/10\/Mision-1024x1024.jpg 1024w, https:\/\/greentech.com.co\/wp-content\/uploads\/2023\/10\/Mision-300x300.jpg 300w, https:\/\/greentech.com.co\/wp-content\/uploads\/2023\/10\/Mision-150x150.jpg 150w, https:\/\/greentech.com.co\/wp-content\/uploads\/2023\/10\/Mision-768x768.jpg 768w, https:\/\/greentech.com.co\/wp-content\/uploads\/2023\/10\/Mision-600x600.jpg 600w, https:\/\/greentech.com.co\/wp-content\/uploads\/2023\/10\/Mision-100x100.jpg 100w, https:\/\/greentech.com.co\/wp-content\/uploads\/2023\/10\/Mision-460x460.jpg 460w, https:\/\/greentech.com.co\/wp-content\/uploads\/2023\/10\/Mision.jpg 1500w\" sizes=\"(max-width: 751px) 100vw, 751px\" \/>\t\t\t\t\t\t\t\t\t\t\t\t\t\t\t<\/div>\n\t\t\t\t<\/div>\n\t\t\t\t\t<\/div>\n\t\t<\/div>\n\t\t\t\t<div class=\"elementor-column elementor-col-50 elementor-inner-column elementor-element elementor-element-6ebf52f\" data-id=\"6ebf52f\" data-element_type=\"column\" data-e-type=\"column\" data-settings=\"{&quot;background_background&quot;:&quot;classic&quot;}\">\n\t\t\t<div class=\"elementor-widget-wrap elementor-element-populated\">\n\t\t\t\t\t\t<div class=\"elementor-element elementor-element-33ffe2cb elementor-widget elementor-widget-heading\" data-id=\"33ffe2cb\" data-element_type=\"widget\" data-e-type=\"widget\" data-widget_type=\"heading.default\">\n\t\t\t\t<div class=\"elementor-widget-container\">\n\t\t\t\t\t<h2 class=\"elementor-heading-title elementor-size-default\">Misi\u00f3n<\/h2>\t\t\t\t<\/div>\n\t\t\t\t<\/div>\n\t\t\t\t<div class=\"elementor-element elementor-element-54b6f794 elementor-widget elementor-widget-text-editor\" data-id=\"54b6f794\" data-element_type=\"widget\" data-e-type=\"widget\" data-widget_type=\"text-editor.default\">\n\t\t\t\t<div class=\"elementor-widget-container\">\n\t\t\t\t\t\t\t\t\t<p>Contribuimos al desarrollo de la industria de medios de pago, mediante el dise\u00f1o y construcci\u00f3n de soluciones tecnol\u00f3gicas, que reflejen:<\/p><ul><li>Aumento en la productividad<\/li><li>Reducci\u00f3n de costos operativos<\/li><li>Valoraci\u00f3n tecnol\u00f3gica y del negocio<\/li><li>Servicio personalizado y flexible a satisfacci\u00f3n.<\/li><\/ul>\t\t\t\t\t\t\t\t<\/div>\n\t\t\t\t<\/div>\n\t\t\t\t\t<\/div>\n\t\t<\/div>\n\t\t\t\t\t<\/div>\n\t\t<\/section>\n\t\t\t\t\t<\/div>\n\t\t<\/div>\n\t\t\t\t<div class=\"elementor-column elementor-col-33 elementor-top-column elementor-element elementor-element-f2eb03b elementor-hidden-mobile\" data-id=\"f2eb03b\" data-element_type=\"column\" data-e-type=\"column\">\n\t\t\t<div class=\"elementor-widget-wrap elementor-element-populated\">\n\t\t\t\t\t\t<div class=\"elementor-element elementor-element-56047e6 elementor-widget elementor-widget-spacer\" data-id=\"56047e6\" data-element_type=\"widget\" data-e-type=\"widget\" data-widget_type=\"spacer.default\">\n\t\t\t\t<div class=\"elementor-widget-container\">\n\t\t\t\t\t\t\t<div class=\"elementor-spacer\">\n\t\t\t<div class=\"elementor-spacer-inner\"><\/div>\n\t\t<\/div>\n\t\t\t\t\t\t<\/div>\n\t\t\t\t<\/div>\n\t\t\t\t\t<\/div>\n\t\t<\/div>\n\t\t\t\t<div class=\"elementor-column elementor-col-33 elementor-top-column elementor-element elementor-element-b6023fe\" data-id=\"b6023fe\" data-element_type=\"column\" data-e-type=\"column\">\n\t\t\t<div class=\"elementor-widget-wrap elementor-element-populated\">\n\t\t\t\t\t\t<section class=\"elementor-section elementor-inner-section elementor-element elementor-element-7de86214 elementor-reverse-mobile elementor-section-boxed elementor-section-height-default elementor-section-height-default\" data-id=\"7de86214\" data-element_type=\"section\" data-e-type=\"section\">\n\t\t\t\t\t\t<div class=\"elementor-container elementor-column-gap-default\">\n\t\t\t\t\t<div class=\"elementor-column elementor-col-50 elementor-inner-column elementor-element elementor-element-0246536\" data-id=\"0246536\" data-element_type=\"column\" data-e-type=\"column\" data-settings=\"{&quot;background_background&quot;:&quot;classic&quot;}\">\n\t\t\t<div class=\"elementor-widget-wrap elementor-element-populated\">\n\t\t\t\t\t\t<div class=\"elementor-element elementor-element-d3ee58a elementor-widget elementor-widget-heading\" data-id=\"d3ee58a\" data-element_type=\"widget\" data-e-type=\"widget\" data-widget_type=\"heading.default\">\n\t\t\t\t<div class=\"elementor-widget-container\">\n\t\t\t\t\t<h3 class=\"elementor-heading-title elementor-size-default\">Visi\u00f3n<\/h3>\t\t\t\t<\/div>\n\t\t\t\t<\/div>\n\t\t\t\t<div class=\"elementor-element elementor-element-552be10 elementor-widget elementor-widget-text-editor\" data-id=\"552be10\" data-element_type=\"widget\" data-e-type=\"widget\" data-widget_type=\"text-editor.default\">\n\t\t\t\t<div class=\"elementor-widget-container\">\n\t\t\t\t\t\t\t\t\t<p>Nuestro objetivo es consolidarnos como l\u00edder global en la industria de medios de pago con soluciones flexibles 100% orientadas al negocio de nuestros clientes. Alcanzar la excelencia en el uso de la tecnolog\u00eda de la informaci\u00f3n y en la aplicaci\u00f3n de las pr\u00e1cticas m\u00e1s optimizadas y actualizadas en ingenier\u00eda de software.<\/p>\t\t\t\t\t\t\t\t<\/div>\n\t\t\t\t<\/div>\n\t\t\t\t\t<\/div>\n\t\t<\/div>\n\t\t\t\t<div class=\"elementor-column elementor-col-50 elementor-inner-column elementor-element elementor-element-d36e03c\" data-id=\"d36e03c\" data-element_type=\"column\" data-e-type=\"column\">\n\t\t\t<div class=\"elementor-widget-wrap elementor-element-populated\">\n\t\t\t\t\t\t<div class=\"elementor-element elementor-element-1d96c3e5 elementor-widget-mobile__width-initial elementor-widget elementor-widget-image\" data-id=\"1d96c3e5\" data-element_type=\"widget\" data-e-type=\"widget\" data-widget_type=\"image.default\">\n\t\t\t\t<div class=\"elementor-widget-container\">\n\t\t\t\t\t\t\t\t\t\t\t\t\t\t\t<img decoding=\"async\" width=\"751\" height=\"708\" src=\"https:\/\/greentech.com.co\/wp-content\/uploads\/2023\/10\/Vision-1024x965.jpg\" class=\"elementor-animation-hang attachment-large size-large wp-image-9439\" alt=\"\" srcset=\"https:\/\/greentech.com.co\/wp-content\/uploads\/2023\/10\/Vision-1024x965.jpg 1024w, https:\/\/greentech.com.co\/wp-content\/uploads\/2023\/10\/Vision-300x283.jpg 300w, https:\/\/greentech.com.co\/wp-content\/uploads\/2023\/10\/Vision-768x724.jpg 768w, https:\/\/greentech.com.co\/wp-content\/uploads\/2023\/10\/Vision-600x566.jpg 600w, https:\/\/greentech.com.co\/wp-content\/uploads\/2023\/10\/Vision.jpg 1500w\" sizes=\"(max-width: 751px) 100vw, 751px\" \/>\t\t\t\t\t\t\t\t\t\t\t\t\t\t\t<\/div>\n\t\t\t\t<\/div>\n\t\t\t\t\t<\/div>\n\t\t<\/div>\n\t\t\t\t\t<\/div>\n\t\t<\/section>\n\t\t\t\t\t<\/div>\n\t\t<\/div>\n\t\t\t\t\t<\/div>\n\t\t<\/section>\n\t\t\t\t<section class=\"elementor-section elementor-top-section elementor-element elementor-element-667173c8 elementor-section-full_width elementor-section-height-default elementor-section-height-default\" data-id=\"667173c8\" data-element_type=\"section\" data-e-type=\"section\" data-settings=\"{&quot;background_background&quot;:&quot;classic&quot;}\">\n\t\t\t\t\t\t\t<div class=\"elementor-background-overlay\"><\/div>\n\t\t\t\t\t\t\t<div class=\"elementor-container elementor-column-gap-no\">\n\t\t\t\t\t<div class=\"elementor-column elementor-col-100 elementor-top-column elementor-element elementor-element-143d6b8c\" data-id=\"143d6b8c\" data-element_type=\"column\" data-e-type=\"column\">\n\t\t\t<div class=\"elementor-widget-wrap elementor-element-populated\">\n\t\t\t\t\t\t<section class=\"elementor-section elementor-inner-section elementor-element elementor-element-789289e5 elementor-section-boxed elementor-section-height-default elementor-section-height-default\" data-id=\"789289e5\" data-element_type=\"section\" data-e-type=\"section\">\n\t\t\t\t\t\t<div class=\"elementor-container elementor-column-gap-no\">\n\t\t\t\t\t<div class=\"elementor-column elementor-col-50 elementor-inner-column elementor-element elementor-element-5b70d961\" data-id=\"5b70d961\" data-element_type=\"column\" data-e-type=\"column\">\n\t\t\t<div class=\"elementor-widget-wrap elementor-element-populated\">\n\t\t\t\t\t\t<div class=\"elementor-element elementor-element-2194bfd0 elementor-widget__width-initial elementor-widget elementor-widget-text-editor\" data-id=\"2194bfd0\" data-element_type=\"widget\" data-e-type=\"widget\" data-widget_type=\"text-editor.default\">\n\t\t\t\t<div class=\"elementor-widget-container\">\n\t\t\t\t\t\t\t\t\t<p><span class=\"sec-subtitle text-white\">\u00bfEst\u00e1 interesado\/a en trabajar con nosotros?<\/span><\/p><h2 class=\"h1 sec-title text-white\">Trabajemos juntos<\/h2>\t\t\t\t\t\t\t\t<\/div>\n\t\t\t\t<\/div>\n\t\t\t\t\t<\/div>\n\t\t<\/div>\n\t\t\t\t<div class=\"elementor-column elementor-col-50 elementor-inner-column elementor-element elementor-element-118a65cf\" data-id=\"118a65cf\" data-element_type=\"column\" data-e-type=\"column\">\n\t\t\t<div class=\"elementor-widget-wrap elementor-element-populated\">\n\t\t\t\t\t\t<div class=\"elementor-element elementor-element-320cebe6 elementor-widget__width-initial elementor-widget-tablet__width-initial elementor-widget elementor-widget-techbizbutton\" data-id=\"320cebe6\" data-element_type=\"widget\" data-e-type=\"widget\" data-widget_type=\"techbizbutton.default\">\n\t\t\t\t<div class=\"elementor-widget-container\">\n\t\t\t\t\t<!-- Button --><div class=\"btn-wrapper right\"><a class=\"vs-btn\" href=\"mailto:info@greentech.com.co\">Cont\u00e1ctenos<i class=\"far fa-arrow-right\"><\/i><\/a><\/div><!-- End Button -->\t\t\t\t<\/div>\n\t\t\t\t<\/div>\n\t\t\t\t\t<\/div>\n\t\t<\/div>\n\t\t\t\t\t<\/div>\n\t\t<\/section>\n\t\t\t\t\t<\/div>\n\t\t<\/div>\n\t\t\t\t\t<\/div>\n\t\t<\/section>\n\t\t\t\t<\/div>\n\t\t","protected":false},"excerpt":{"rendered":"<p>Misi\u00f3n Contribuimos al desarrollo de la industria de medios de pago, mediante el dise\u00f1o y construcci\u00f3n de soluciones tecnol\u00f3gicas, que reflejen: Aumento en la productividad Reducci\u00f3n de costos operativos Valoraci\u00f3n tecnol\u00f3gica y del negocio Servicio personalizado y flexible a satisfacci\u00f3n. Visi\u00f3n Nuestro objetivo es consolidarnos como l\u00edder global en la industria de medios de pago&#8230;<\/p>\n","protected":false},"author":1,"featured_media":0,"parent":0,"menu_order":0,"comment_status":"closed","ping_status":"closed","template":"elementor_header_footer","meta":{"_monsterinsights_skip_tracking":false,"_monsterinsights_sitenote_active":false,"_monsterinsights_sitenote_note":"","_monsterinsights_sitenote_category":0,"footnotes":""},"class_list":["post-9695","page","type-page","status-publish","hentry"],"aioseo_notices":[],"_links":{"self":[{"href":"https:\/\/greentech.com.co\/index.php\/wp-json\/wp\/v2\/pages\/9695","targetHints":{"allow":["GET"]}}],"collection":[{"href":"https:\/\/greentech.com.co\/index.php\/wp-json\/wp\/v2\/pages"}],"about":[{"href":"https:\/\/greentech.com.co\/index.php\/wp-json\/wp\/v2\/types\/page"}],"author":[{"embeddable":true,"href":"https:\/\/greentech.com.co\/index.php\/wp-json\/wp\/v2\/users\/1"}],"replies":[{"embeddable":true,"href":"https:\/\/greentech.com.co\/index.php\/wp-json\/wp\/v2\/comments?post=9695"}],"version-history":[{"count":69,"href":"https:\/\/greentech.com.co\/index.php\/wp-json\/wp\/v2\/pages\/9695\/revisions"}],"predecessor-version":[{"id":11654,"href":"https:\/\/greentech.com.co\/index.php\/wp-json\/wp\/v2\/pages\/9695\/revisions\/11654"}],"wp:attachment":[{"href":"https:\/\/greentech.com.co\/index.php\/wp-json\/wp\/v2\/media?parent=9695"}],"curies":[{"name":"wp","href":"https:\/\/api.w.org\/{rel}","templated":true}]}}