{"id":9605,"date":"2023-10-17T17:52:23","date_gmt":"2023-10-17T17:52:23","guid":{"rendered":"https:\/\/greentech.com.co\/?page_id=9605"},"modified":"2024-02-07T13:26:44","modified_gmt":"2024-02-07T13:26:44","slug":"consultoria-2","status":"publish","type":"page","link":"https:\/\/greentech.com.co\/index.php\/consultoria-2\/","title":{"rendered":"Consultor\u00eda"},"content":{"rendered":"\t\t<div data-elementor-type=\"wp-page\" data-elementor-id=\"9605\" class=\"elementor elementor-9605\">\n\t\t\t\t\t\t<section class=\"elementor-section elementor-top-section elementor-element elementor-element-3995381d elementor-section-full_width elementor-section-height-default elementor-section-height-default\" data-id=\"3995381d\" data-element_type=\"section\" data-e-type=\"section\">\n\t\t\t\t\t\t<div class=\"elementor-container elementor-column-gap-no\">\n\t\t\t\t\t<div class=\"elementor-column elementor-col-100 elementor-top-column elementor-element elementor-element-63ecc5c6\" data-id=\"63ecc5c6\" data-element_type=\"column\" data-e-type=\"column\">\n\t\t\t<div class=\"elementor-widget-wrap elementor-element-populated\">\n\t\t\t\t\t\t<section class=\"elementor-section elementor-inner-section elementor-element elementor-element-4ba91523 elementor-reverse-tablet elementor-reverse-mobile elementor-section-boxed elementor-section-height-default elementor-section-height-default\" data-id=\"4ba91523\" data-element_type=\"section\" data-e-type=\"section\">\n\t\t\t\t\t\t<div class=\"elementor-container elementor-column-gap-no\">\n\t\t\t\t\t<div class=\"elementor-column elementor-col-50 elementor-inner-column elementor-element elementor-element-74f23052\" data-id=\"74f23052\" data-element_type=\"column\" data-e-type=\"column\">\n\t\t\t<div class=\"elementor-widget-wrap elementor-element-populated\">\n\t\t\t\t\t\t<div class=\"elementor-element elementor-element-c365762 quote-box p-0 elementor-widget elementor-widget-text-editor\" data-id=\"c365762\" data-element_type=\"widget\" data-e-type=\"widget\" data-widget_type=\"text-editor.default\">\n\t\t\t\t<div class=\"elementor-widget-container\">\n\t\t\t\t\t\t\t\t\t<h3 class=\"quote-box__title\">\u00bfC\u00f3mo podemos ayudarle?<\/h3>\n<div class=\"ls-btn-group\" style=\"display:block\"><a class=\"vs-btn\" href=\"https:\/\/greentech.com.co\/index.php\/contacto\/\">Contacto<i class=\"far fa-arrow-right\"><\/i><\/a><\/div>\t\t\t\t\t\t\t\t<\/div>\n\t\t\t\t<\/div>\n\t\t\t\t\t<\/div>\n\t\t<\/div>\n\t\t\t\t<div class=\"elementor-column elementor-col-50 elementor-inner-column elementor-element elementor-element-1a0ec410\" data-id=\"1a0ec410\" data-element_type=\"column\" data-e-type=\"column\">\n\t\t\t<div class=\"elementor-widget-wrap elementor-element-populated\">\n\t\t\t\t\t\t<div class=\"elementor-element elementor-element-5b7f0802 elementor-widget elementor-widget-image\" data-id=\"5b7f0802\" data-element_type=\"widget\" data-e-type=\"widget\" data-widget_type=\"image.default\">\n\t\t\t\t<div class=\"elementor-widget-container\">\n\t\t\t\t\t\t\t\t\t\t\t\t\t\t\t<img fetchpriority=\"high\" decoding=\"async\" width=\"1207\" height=\"389\" src=\"https:\/\/greentech.com.co\/wp-content\/uploads\/2023\/12\/Consultoria.png\" class=\"attachment-full size-full wp-image-10301\" alt=\"\" srcset=\"https:\/\/greentech.com.co\/wp-content\/uploads\/2023\/12\/Consultoria.png 1207w, https:\/\/greentech.com.co\/wp-content\/uploads\/2023\/12\/Consultoria-300x97.png 300w, https:\/\/greentech.com.co\/wp-content\/uploads\/2023\/12\/Consultoria-1024x330.png 1024w, https:\/\/greentech.com.co\/wp-content\/uploads\/2023\/12\/Consultoria-768x248.png 768w, https:\/\/greentech.com.co\/wp-content\/uploads\/2023\/12\/Consultoria-600x193.png 600w\" sizes=\"(max-width: 1207px) 100vw, 1207px\" \/>\t\t\t\t\t\t\t\t\t\t\t\t\t\t\t<\/div>\n\t\t\t\t<\/div>\n\t\t\t\t<div class=\"elementor-element elementor-element-7b1fb61c elementor-widget elementor-widget-heading\" data-id=\"7b1fb61c\" data-element_type=\"widget\" data-e-type=\"widget\" data-widget_type=\"heading.default\">\n\t\t\t\t<div class=\"elementor-widget-container\">\n\t\t\t\t\t<h2 class=\"elementor-heading-title elementor-size-default\">Consultor\u00eda<\/h2>\t\t\t\t<\/div>\n\t\t\t\t<\/div>\n\t\t\t\t<div class=\"elementor-element elementor-element-5e403ae8 elementor-widget elementor-widget-text-editor\" data-id=\"5e403ae8\" data-element_type=\"widget\" data-e-type=\"widget\" data-widget_type=\"text-editor.default\">\n\t\t\t\t<div class=\"elementor-widget-container\">\n\t\t\t\t\t\t\t\t\t<h6><strong>Experiencia y conocimiento al servicio de su negocio<\/strong><\/h6><p>Consultores expertos en la industria de medios de pago, con un amplio conocimiento en tecnolog\u00eda de la informaci\u00f3n, desarrollo seguro de aplicaciones y gesti\u00f3n de proyectos.<\/p><p>La experiencia de nuestros consultores en la ejecuci\u00f3n de proyectos de implementaci\u00f3n, cubre el apoyo especializado en actividades tales como: identificaci\u00f3n de requerimientos, gap analysis, consultor\u00eda en el negocio, migraci\u00f3n de datos, pruebas, puesta en producci\u00f3n, administraci\u00f3n del cambio, planes de contingencia, capacitaci\u00f3n, entrenamiento, etc.<\/p>\t\t\t\t\t\t\t\t<\/div>\n\t\t\t\t<\/div>\n\t\t\t\t<div class=\"elementor-element elementor-element-6d0fc873 elementor-widget__width-initial elementor-widget-mobile__width-inherit elementor-widget elementor-widget-text-editor\" data-id=\"6d0fc873\" data-element_type=\"widget\" data-e-type=\"widget\" data-widget_type=\"text-editor.default\">\n\t\t\t\t<div class=\"elementor-widget-container\">\n\t\t\t\t\t\t\t\t\t<div class=\"service-list-box\"><h6>Apoyo permanente para:<\/h6><div class=\"list-style3\"><p><i class=\"fal fa-check-circle\"><\/i>An\u00e1lisis e introducci\u00f3n de nuevas funcionalidades de negocio<\/p><p><i class=\"fal fa-check-circle\"><\/i>Capacitaci\u00f3n formal sobre alcance funcional de la soluci\u00f3n<\/p><p><i class=\"fal fa-check-circle\"><\/i>Configuraci\u00f3n de reglas de negocio y par\u00e1metros del sistema<\/p><p><i class=\"fal fa-check-circle\"><\/i>Lanzamiento de nuevos productos o campa\u00f1as, etc.<\/p><\/div><\/div>\t\t\t\t\t\t\t\t<\/div>\n\t\t\t\t<\/div>\n\t\t\t\t\t<\/div>\n\t\t<\/div>\n\t\t\t\t\t<\/div>\n\t\t<\/section>\n\t\t\t\t\t<\/div>\n\t\t<\/div>\n\t\t\t\t\t<\/div>\n\t\t<\/section>\n\t\t\t\t<\/div>\n\t\t","protected":false},"excerpt":{"rendered":"<p>\u00bfC\u00f3mo podemos ayudarle? Contacto Consultor\u00eda Experiencia y conocimiento al servicio de su negocio Consultores expertos en la industria de medios de pago, con un amplio conocimiento en tecnolog\u00eda de la informaci\u00f3n, desarrollo seguro de aplicaciones y gesti\u00f3n de proyectos. La experiencia de nuestros consultores en la ejecuci\u00f3n de proyectos de implementaci\u00f3n, cubre el apoyo especializado&#8230;<\/p>\n","protected":false},"author":1,"featured_media":0,"parent":0,"menu_order":0,"comment_status":"closed","ping_status":"closed","template":"elementor_header_footer","meta":{"_monsterinsights_skip_tracking":false,"_monsterinsights_sitenote_active":false,"_monsterinsights_sitenote_note":"","_monsterinsights_sitenote_category":0,"footnotes":""},"class_list":["post-9605","page","type-page","status-publish","hentry"],"aioseo_notices":[],"_links":{"self":[{"href":"https:\/\/greentech.com.co\/index.php\/wp-json\/wp\/v2\/pages\/9605","targetHints":{"allow":["GET"]}}],"collection":[{"href":"https:\/\/greentech.com.co\/index.php\/wp-json\/wp\/v2\/pages"}],"about":[{"href":"https:\/\/greentech.com.co\/index.php\/wp-json\/wp\/v2\/types\/page"}],"author":[{"embeddable":true,"href":"https:\/\/greentech.com.co\/index.php\/wp-json\/wp\/v2\/users\/1"}],"replies":[{"embeddable":true,"href":"https:\/\/greentech.com.co\/index.php\/wp-json\/wp\/v2\/comments?post=9605"}],"version-history":[{"count":90,"href":"https:\/\/greentech.com.co\/index.php\/wp-json\/wp\/v2\/pages\/9605\/revisions"}],"predecessor-version":[{"id":11651,"href":"https:\/\/greentech.com.co\/index.php\/wp-json\/wp\/v2\/pages\/9605\/revisions\/11651"}],"wp:attachment":[{"href":"https:\/\/greentech.com.co\/index.php\/wp-json\/wp\/v2\/media?parent=9605"}],"curies":[{"name":"wp","href":"https:\/\/api.w.org\/{rel}","templated":true}]}}