{"id":9559,"date":"2023-10-17T16:45:35","date_gmt":"2023-10-17T16:45:35","guid":{"rendered":"https:\/\/greentech.com.co\/?page_id=9559"},"modified":"2024-02-14T22:42:38","modified_gmt":"2024-02-14T22:42:38","slug":"sunnel-arca-payment-system","status":"publish","type":"page","link":"https:\/\/greentech.com.co\/index.php\/sunnel-arca-payment-system\/","title":{"rendered":"SUNNEL Arca PS"},"content":{"rendered":"\t\t<div data-elementor-type=\"wp-page\" data-elementor-id=\"9559\" class=\"elementor elementor-9559\">\n\t\t\t\t<div class=\"elementor-element elementor-element-5f2fbde5 e-con-full e-flex e-con e-parent\" data-id=\"5f2fbde5\" data-element_type=\"container\" data-e-type=\"container\">\n\t\t<div class=\"elementor-element elementor-element-30734407 e-con-full elementor-hidden-mobile e-flex e-con e-child\" data-id=\"30734407\" data-element_type=\"container\" data-e-type=\"container\">\n\t\t\t\t<\/div>\n\t\t<div class=\"elementor-element elementor-element-1b17b865 e-con-full e-flex e-con e-child\" data-id=\"1b17b865\" data-element_type=\"container\" data-e-type=\"container\">\n\t\t\t\t<div class=\"elementor-element elementor-element-2dcec6c1 elementor-widget elementor-widget-image\" data-id=\"2dcec6c1\" data-element_type=\"widget\" data-e-type=\"widget\" data-widget_type=\"image.default\">\n\t\t\t\t<div class=\"elementor-widget-container\">\n\t\t\t\t\t\t\t\t\t\t\t\t\t\t\t<img fetchpriority=\"high\" decoding=\"async\" width=\"751\" height=\"277\" src=\"https:\/\/greentech.com.co\/wp-content\/uploads\/2024\/01\/Sunnel-grises-768x283.png\" class=\"attachment-medium_large size-medium_large wp-image-10827\" alt=\"sunnel\" srcset=\"https:\/\/greentech.com.co\/wp-content\/uploads\/2024\/01\/Sunnel-grises-768x283.png 768w, https:\/\/greentech.com.co\/wp-content\/uploads\/2024\/01\/Sunnel-grises-300x111.png 300w, https:\/\/greentech.com.co\/wp-content\/uploads\/2024\/01\/Sunnel-grises-600x221.png 600w, https:\/\/greentech.com.co\/wp-content\/uploads\/2024\/01\/Sunnel-grises.png 792w\" sizes=\"(max-width: 751px) 100vw, 751px\" \/>\t\t\t\t\t\t\t\t\t\t\t\t\t\t\t<\/div>\n\t\t\t\t<\/div>\n\t\t\t\t<\/div>\n\t\t<div class=\"elementor-element elementor-element-a03cd25 e-con-full elementor-hidden-mobile e-flex e-con e-child\" data-id=\"a03cd25\" data-element_type=\"container\" data-e-type=\"container\">\n\t\t\t\t<\/div>\n\t\t\t\t<\/div>\n\t\t\t\t<section class=\"elementor-section elementor-top-section elementor-element elementor-element-66ade5e elementor-section-full_width elementor-section-height-default elementor-section-height-default\" data-id=\"66ade5e\" data-element_type=\"section\" data-e-type=\"section\">\n\t\t\t\t\t\t<div class=\"elementor-container elementor-column-gap-no\">\n\t\t\t\t\t<div class=\"elementor-column elementor-col-100 elementor-top-column elementor-element elementor-element-c01b952\" data-id=\"c01b952\" data-element_type=\"column\" data-e-type=\"column\">\n\t\t\t<div class=\"elementor-widget-wrap elementor-element-populated\">\n\t\t\t\t\t\t<section class=\"elementor-section elementor-inner-section elementor-element elementor-element-8d51488 elementor-reverse-tablet elementor-reverse-mobile elementor-section-boxed elementor-section-height-default elementor-section-height-default\" data-id=\"8d51488\" data-element_type=\"section\" data-e-type=\"section\">\n\t\t\t\t\t\t<div class=\"elementor-container elementor-column-gap-no\">\n\t\t\t\t\t<div class=\"elementor-column elementor-col-50 elementor-inner-column elementor-element elementor-element-9eb4083\" data-id=\"9eb4083\" data-element_type=\"column\" data-e-type=\"column\">\n\t\t\t<div class=\"elementor-widget-wrap elementor-element-populated\">\n\t\t\t\t\t\t<div class=\"elementor-element elementor-element-e92aa5d elementor-hidden-tablet elementor-widget elementor-widget-image\" data-id=\"e92aa5d\" data-element_type=\"widget\" data-e-type=\"widget\" data-widget_type=\"image.default\">\n\t\t\t\t<div class=\"elementor-widget-container\">\n\t\t\t\t\t\t\t\t\t\t\t\t\t\t\t<img decoding=\"async\" width=\"441\" height=\"409\" src=\"https:\/\/greentech.com.co\/wp-content\/uploads\/2023\/12\/Sunner-arca-ps.png\" class=\"attachment-large size-large wp-image-10538\" alt=\"\" srcset=\"https:\/\/greentech.com.co\/wp-content\/uploads\/2023\/12\/Sunner-arca-ps.png 441w, https:\/\/greentech.com.co\/wp-content\/uploads\/2023\/12\/Sunner-arca-ps-300x278.png 300w\" sizes=\"(max-width: 441px) 100vw, 441px\" \/>\t\t\t\t\t\t\t\t\t\t\t\t\t\t\t<\/div>\n\t\t\t\t<\/div>\n\t\t\t\t\t<\/div>\n\t\t<\/div>\n\t\t\t\t<div class=\"elementor-column elementor-col-50 elementor-inner-column elementor-element elementor-element-6a03dfe\" data-id=\"6a03dfe\" data-element_type=\"column\" data-e-type=\"column\">\n\t\t\t<div class=\"elementor-widget-wrap elementor-element-populated\">\n\t\t\t\t\t\t<div class=\"elementor-element elementor-element-7aea684 elementor-widget elementor-widget-heading\" data-id=\"7aea684\" data-element_type=\"widget\" data-e-type=\"widget\" data-widget_type=\"heading.default\">\n\t\t\t\t<div class=\"elementor-widget-container\">\n\t\t\t\t\t<h2 class=\"elementor-heading-title elementor-size-default\">SUNNEL Arca PS\u00ae - Payment System<\/h2>\t\t\t\t<\/div>\n\t\t\t\t<\/div>\n\t\t\t\t<div class=\"elementor-element elementor-element-3236a66 elementor-widget elementor-widget-text-editor\" data-id=\"3236a66\" data-element_type=\"widget\" data-e-type=\"widget\" data-widget_type=\"text-editor.default\">\n\t\t\t\t<div class=\"elementor-widget-container\">\n\t\t\t\t\t\t\t\t\t<h6><b>La gesti\u00f3n confiable y segura de fondos mediante la emisi\u00f3n de instrumentos de pago electr\u00f3nico<\/b><\/h6><p>Soluci\u00f3n especializada en el Procesamiento de productos de Medios de Pago electr\u00f3nico de naturaleza d\u00e9bito, tales como: Tarjetas Pre-Pago, Tarjetas Post-Pago, Monederos Electr\u00f3nicos, Recargables y no Recargables, Productos corporativos para gesti\u00f3n de gastos empresariales.<\/p>\t\t\t\t\t\t\t\t<\/div>\n\t\t\t\t<\/div>\n\t\t\t\t<div class=\"elementor-element elementor-element-b4c5341 elementor-widget__width-initial elementor-widget-mobile__width-inherit elementor-widget-tablet__width-initial elementor-widget elementor-widget-text-editor\" data-id=\"b4c5341\" data-element_type=\"widget\" data-e-type=\"widget\" data-widget_type=\"text-editor.default\">\n\t\t\t\t<div class=\"elementor-widget-container\">\n\t\t\t\t\t\t\t\t\t<div class=\"service-list-box\"><h6><b>Arca <\/b><b>Payment<\/b> <b>System<\/b><b> soporta una amplia gama de productos: <\/b><\/h6><div class=\"list-style3\"><ul><li><i class=\"fal fa-check-circle\"><\/i>Monederos electr\u00f3nicos<\/li><li><i class=\"fal fa-check-circle\"><\/i>Tarjetas regalo<\/li><li><i class=\"fal fa-check-circle\"><\/i>Gesti\u00f3n de gastos<\/li><li><i class=\"fal fa-check-circle\"><\/i>Programas de lealtad<\/li><li><i class=\"fal fa-check-circle\"><\/i>Vales de despensa<\/li><li><i class=\"fal fa-check-circle\"><\/i>Pago de combustible<\/li><li><i class=\"fal fa-check-circle\"><\/i>Bonos de descuento.<\/li><\/ul><\/div><\/div>\t\t\t\t\t\t\t\t<\/div>\n\t\t\t\t<\/div>\n\t\t<div class=\"elementor-element elementor-element-cea6bd6 e-flex e-con-boxed e-con e-parent\" data-id=\"cea6bd6\" data-element_type=\"container\" data-e-type=\"container\" data-settings=\"{&quot;background_background&quot;:&quot;classic&quot;}\">\n\t\t\t\t\t<div class=\"e-con-inner\">\n\t\t\t\t<div class=\"elementor-element elementor-element-7fb4577 elementor-widget elementor-widget-heading\" data-id=\"7fb4577\" data-element_type=\"widget\" data-e-type=\"widget\" data-widget_type=\"heading.default\">\n\t\t\t\t<div class=\"elementor-widget-container\">\n\t\t\t\t\t<h6 class=\"elementor-heading-title elementor-size-default\">Algunas caracter\u00edsticas soportadas:<\/h6>\t\t\t\t<\/div>\n\t\t\t\t<\/div>\n\t\t\t\t<div class=\"elementor-element elementor-element-ebb7114 elementor-icon-list--layout-traditional elementor-list-item-link-full_width elementor-widget elementor-widget-icon-list\" data-id=\"ebb7114\" data-element_type=\"widget\" data-e-type=\"widget\" data-widget_type=\"icon-list.default\">\n\t\t\t\t<div class=\"elementor-widget-container\">\n\t\t\t\t\t\t\t<ul class=\"elementor-icon-list-items\">\n\t\t\t\t\t\t\t<li class=\"elementor-icon-list-item\">\n\t\t\t\t\t\t\t\t\t\t\t<span class=\"elementor-icon-list-icon\">\n\t\t\t\t\t\t\t<i aria-hidden=\"true\" class=\"icon icon-checked\"><\/i>\t\t\t\t\t\t<\/span>\n\t\t\t\t\t\t\t\t\t\t<span class=\"elementor-icon-list-text\">Carga, Procesamiento y Facturaci\u00f3n Autom\u00e1tica de Pedidos para: emisi\u00f3n de tarjetas, Dispersi\u00f3n inicial de dinero y Recarga de cuentas<\/span>\n\t\t\t\t\t\t\t\t\t<\/li>\n\t\t\t\t\t\t\t\t<li class=\"elementor-icon-list-item\">\n\t\t\t\t\t\t\t\t\t\t\t<span class=\"elementor-icon-list-icon\">\n\t\t\t\t\t\t\t<i aria-hidden=\"true\" class=\"icon icon-checked\"><\/i>\t\t\t\t\t\t<\/span>\n\t\t\t\t\t\t\t\t\t\t<span class=\"elementor-icon-list-text\">Control de red habilitada de Comercios<\/span>\n\t\t\t\t\t\t\t\t\t<\/li>\n\t\t\t\t\t\t\t\t<li class=\"elementor-icon-list-item\">\n\t\t\t\t\t\t\t\t\t\t\t<span class=\"elementor-icon-list-icon\">\n\t\t\t\t\t\t\t<i aria-hidden=\"true\" class=\"icon icon-checked\"><\/i>\t\t\t\t\t\t<\/span>\n\t\t\t\t\t\t\t\t\t\t<span class=\"elementor-icon-list-text\">Control de reembolso a Comercios<\/span>\n\t\t\t\t\t\t\t\t\t<\/li>\n\t\t\t\t\t\t\t\t<li class=\"elementor-icon-list-item\">\n\t\t\t\t\t\t\t\t\t\t\t<span class=\"elementor-icon-list-icon\">\n\t\t\t\t\t\t\t<i aria-hidden=\"true\" class=\"icon icon-checked\"><\/i>\t\t\t\t\t\t<\/span>\n\t\t\t\t\t\t\t\t\t\t<span class=\"elementor-icon-list-text\">Control de operaciones en disputa con el comercio<\/span>\n\t\t\t\t\t\t\t\t\t<\/li>\n\t\t\t\t\t\t\t\t<li class=\"elementor-icon-list-item\">\n\t\t\t\t\t\t\t\t\t\t\t<span class=\"elementor-icon-list-icon\">\n\t\t\t\t\t\t\t<i aria-hidden=\"true\" class=\"icon icon-checked\"><\/i>\t\t\t\t\t\t<\/span>\n\t\t\t\t\t\t\t\t\t\t<span class=\"elementor-icon-list-text\">Procesamiento de autorizaci\u00f3n de transacciones electr\u00f3nicas<\/span>\n\t\t\t\t\t\t\t\t\t<\/li>\n\t\t\t\t\t\t\t\t<li class=\"elementor-icon-list-item\">\n\t\t\t\t\t\t\t\t\t\t\t<span class=\"elementor-icon-list-icon\">\n\t\t\t\t\t\t\t<i aria-hidden=\"true\" class=\"icon icon-checked\"><\/i>\t\t\t\t\t\t<\/span>\n\t\t\t\t\t\t\t\t\t\t<span class=\"elementor-icon-list-text\">Soporte para la emisi\u00f3n y gesti\u00f3n de tarjetas Stock<\/span>\n\t\t\t\t\t\t\t\t\t<\/li>\n\t\t\t\t\t\t<\/ul>\n\t\t\t\t\t\t<\/div>\n\t\t\t\t<\/div>\n\t\t\t\t\t<\/div>\n\t\t\t\t<\/div>\n\t\t\t\t\t<\/div>\n\t\t<\/div>\n\t\t\t\t\t<\/div>\n\t\t<\/section>\n\t\t\t\t\t<\/div>\n\t\t<\/div>\n\t\t\t\t\t<\/div>\n\t\t<\/section>\n\t\t<div class=\"elementor-element elementor-element-1967c5a e-flex e-con-boxed e-con e-parent\" data-id=\"1967c5a\" data-element_type=\"container\" data-e-type=\"container\">\n\t\t\t\t\t<div class=\"e-con-inner\">\n\t\t\t\t\t<\/div>\n\t\t\t\t<\/div>\n\t\t\t\t<\/div>\n\t\t","protected":false},"excerpt":{"rendered":"<p>SUNNEL Arca PS\u00ae &#8211; Payment System La gesti\u00f3n confiable y segura de fondos mediante la emisi\u00f3n de instrumentos de pago electr\u00f3nico Soluci\u00f3n especializada en el Procesamiento de productos de Medios de Pago electr\u00f3nico de naturaleza d\u00e9bito, tales como: Tarjetas Pre-Pago, Tarjetas Post-Pago, Monederos Electr\u00f3nicos, Recargables y no Recargables, Productos corporativos para gesti\u00f3n de gastos empresariales&#8230;.<\/p>\n","protected":false},"author":1,"featured_media":0,"parent":0,"menu_order":0,"comment_status":"closed","ping_status":"closed","template":"elementor_header_footer","meta":{"_monsterinsights_skip_tracking":false,"_monsterinsights_sitenote_active":false,"_monsterinsights_sitenote_note":"","_monsterinsights_sitenote_category":0,"footnotes":""},"class_list":["post-9559","page","type-page","status-publish","hentry"],"aioseo_notices":[],"_links":{"self":[{"href":"https:\/\/greentech.com.co\/index.php\/wp-json\/wp\/v2\/pages\/9559","targetHints":{"allow":["GET"]}}],"collection":[{"href":"https:\/\/greentech.com.co\/index.php\/wp-json\/wp\/v2\/pages"}],"about":[{"href":"https:\/\/greentech.com.co\/index.php\/wp-json\/wp\/v2\/types\/page"}],"author":[{"embeddable":true,"href":"https:\/\/greentech.com.co\/index.php\/wp-json\/wp\/v2\/users\/1"}],"replies":[{"embeddable":true,"href":"https:\/\/greentech.com.co\/index.php\/wp-json\/wp\/v2\/comments?post=9559"}],"version-history":[{"count":145,"href":"https:\/\/greentech.com.co\/index.php\/wp-json\/wp\/v2\/pages\/9559\/revisions"}],"predecessor-version":[{"id":11676,"href":"https:\/\/greentech.com.co\/index.php\/wp-json\/wp\/v2\/pages\/9559\/revisions\/11676"}],"wp:attachment":[{"href":"https:\/\/greentech.com.co\/index.php\/wp-json\/wp\/v2\/media?parent=9559"}],"curies":[{"name":"wp","href":"https:\/\/api.w.org\/{rel}","templated":true}]}}