{"id":9558,"date":"2023-10-17T16:22:16","date_gmt":"2023-10-17T16:22:16","guid":{"rendered":"https:\/\/greentech.com.co\/?page_id=9558"},"modified":"2024-02-14T22:42:27","modified_gmt":"2024-02-14T22:42:27","slug":"sunnel-arca-credit-system","status":"publish","type":"page","link":"https:\/\/greentech.com.co\/index.php\/sunnel-arca-credit-system\/","title":{"rendered":"SUNNEL Arca CS"},"content":{"rendered":"\t\t<div data-elementor-type=\"wp-page\" data-elementor-id=\"9558\" class=\"elementor elementor-9558\">\n\t\t\t\t<div class=\"elementor-element elementor-element-5afe2f9 e-con-full e-flex e-con e-parent\" data-id=\"5afe2f9\" data-element_type=\"container\" data-e-type=\"container\">\n\t\t<div class=\"elementor-element elementor-element-ff3a5f5 e-con-full elementor-hidden-mobile e-flex e-con e-child\" data-id=\"ff3a5f5\" data-element_type=\"container\" data-e-type=\"container\">\n\t\t\t\t<\/div>\n\t\t<div class=\"elementor-element elementor-element-f18268a e-con-full e-flex e-con e-child\" data-id=\"f18268a\" data-element_type=\"container\" data-e-type=\"container\">\n\t\t\t\t<div class=\"elementor-element elementor-element-06158ce elementor-widget elementor-widget-image\" data-id=\"06158ce\" data-element_type=\"widget\" data-e-type=\"widget\" data-widget_type=\"image.default\">\n\t\t\t\t<div class=\"elementor-widget-container\">\n\t\t\t\t\t\t\t\t\t\t\t\t\t\t\t<img fetchpriority=\"high\" decoding=\"async\" width=\"751\" height=\"277\" src=\"https:\/\/greentech.com.co\/wp-content\/uploads\/2024\/01\/Sunnel-grises-768x283.png\" class=\"attachment-medium_large size-medium_large wp-image-10827\" alt=\"sunnel\" srcset=\"https:\/\/greentech.com.co\/wp-content\/uploads\/2024\/01\/Sunnel-grises-768x283.png 768w, https:\/\/greentech.com.co\/wp-content\/uploads\/2024\/01\/Sunnel-grises-300x111.png 300w, https:\/\/greentech.com.co\/wp-content\/uploads\/2024\/01\/Sunnel-grises-600x221.png 600w, https:\/\/greentech.com.co\/wp-content\/uploads\/2024\/01\/Sunnel-grises.png 792w\" sizes=\"(max-width: 751px) 100vw, 751px\" \/>\t\t\t\t\t\t\t\t\t\t\t\t\t\t\t<\/div>\n\t\t\t\t<\/div>\n\t\t\t\t<\/div>\n\t\t<div class=\"elementor-element elementor-element-9c97732 e-con-full elementor-hidden-mobile e-flex e-con e-child\" data-id=\"9c97732\" data-element_type=\"container\" data-e-type=\"container\">\n\t\t\t\t<\/div>\n\t\t\t\t<\/div>\n\t\t\t\t<section class=\"elementor-section elementor-top-section elementor-element elementor-element-66ade5e elementor-section-full_width elementor-section-height-default elementor-section-height-default\" data-id=\"66ade5e\" data-element_type=\"section\" data-e-type=\"section\">\n\t\t\t\t\t\t<div class=\"elementor-container elementor-column-gap-no\">\n\t\t\t\t\t<div class=\"elementor-column elementor-col-100 elementor-top-column elementor-element elementor-element-c01b952\" data-id=\"c01b952\" data-element_type=\"column\" data-e-type=\"column\">\n\t\t\t<div class=\"elementor-widget-wrap elementor-element-populated\">\n\t\t\t\t\t\t<section class=\"elementor-section elementor-inner-section elementor-element elementor-element-8d51488 elementor-reverse-tablet elementor-reverse-mobile elementor-section-boxed elementor-section-height-default elementor-section-height-default\" data-id=\"8d51488\" data-element_type=\"section\" data-e-type=\"section\">\n\t\t\t\t\t\t<div class=\"elementor-container elementor-column-gap-no\">\n\t\t\t\t\t<div class=\"elementor-column elementor-col-50 elementor-inner-column elementor-element elementor-element-9eb4083\" data-id=\"9eb4083\" data-element_type=\"column\" data-e-type=\"column\">\n\t\t\t<div class=\"elementor-widget-wrap elementor-element-populated\">\n\t\t\t\t\t\t<div class=\"elementor-element elementor-element-23a560a elementor-hidden-tablet elementor-widget elementor-widget-image\" data-id=\"23a560a\" data-element_type=\"widget\" data-e-type=\"widget\" data-widget_type=\"image.default\">\n\t\t\t\t<div class=\"elementor-widget-container\">\n\t\t\t\t\t\t\t\t\t\t\t\t\t\t\t<img decoding=\"async\" width=\"441\" height=\"409\" src=\"https:\/\/greentech.com.co\/wp-content\/uploads\/2023\/12\/Sunner-arca-cs.png\" class=\"attachment-large size-large wp-image-10545\" alt=\"\" srcset=\"https:\/\/greentech.com.co\/wp-content\/uploads\/2023\/12\/Sunner-arca-cs.png 441w, https:\/\/greentech.com.co\/wp-content\/uploads\/2023\/12\/Sunner-arca-cs-300x278.png 300w\" sizes=\"(max-width: 441px) 100vw, 441px\" \/>\t\t\t\t\t\t\t\t\t\t\t\t\t\t\t<\/div>\n\t\t\t\t<\/div>\n\t\t\t\t\t<\/div>\n\t\t<\/div>\n\t\t\t\t<div class=\"elementor-column elementor-col-50 elementor-inner-column elementor-element elementor-element-6a03dfe\" data-id=\"6a03dfe\" data-element_type=\"column\" data-e-type=\"column\">\n\t\t\t<div class=\"elementor-widget-wrap elementor-element-populated\">\n\t\t\t\t\t\t<div class=\"elementor-element elementor-element-7aea684 elementor-widget elementor-widget-heading\" data-id=\"7aea684\" data-element_type=\"widget\" data-e-type=\"widget\" data-widget_type=\"heading.default\">\n\t\t\t\t<div class=\"elementor-widget-container\">\n\t\t\t\t\t<h2 class=\"elementor-heading-title elementor-size-default\">SUNNEL Arca CS\u00ae - Credit System\n\n<\/h2>\t\t\t\t<\/div>\n\t\t\t\t<\/div>\n\t\t\t\t<div class=\"elementor-element elementor-element-3236a66 elementor-widget elementor-widget-text-editor\" data-id=\"3236a66\" data-element_type=\"widget\" data-e-type=\"widget\" data-widget_type=\"text-editor.default\">\n\t\t\t\t<div class=\"elementor-widget-container\">\n\t\t\t\t\t\t\t\t\t<h6><b>La administraci\u00f3n confiable y eficiente del cr\u00e9dito a trav\u00e9s de la emisi\u00f3n de instrumentos de pago electr\u00f3nico<\/b><\/h6><p>Soluci\u00f3n para el procesamiento de productos de cr\u00e9dito, basados en medios de pago electr\u00f3nico, cuya estructura modular satisface los requerimientos operativos de los diferentes procesos del negocio asociados a la emisi\u00f3n, control y gesti\u00f3n de operaciones de cr\u00e9dito.<\/p>\t\t\t\t\t\t\t\t<\/div>\n\t\t\t\t<\/div>\n\t\t<div class=\"elementor-element elementor-element-9916a5a e-flex e-con-boxed e-con e-parent\" data-id=\"9916a5a\" data-element_type=\"container\" data-e-type=\"container\">\n\t\t\t\t\t<div class=\"e-con-inner\">\n\t\t\t\t<div class=\"elementor-element elementor-element-3903cb29 elementor-widget elementor-widget-text-editor\" data-id=\"3903cb29\" data-element_type=\"widget\" data-e-type=\"widget\" data-widget_type=\"text-editor.default\">\n\t\t\t\t<div class=\"elementor-widget-container\">\n\t\t\t\t\t\t\t\t\t<h6>Caracter\u00edsticas:<\/h6><div class=\"list-style3\"><ul><li><p>Definici\u00f3n flexible de m\u00faltiples productos que permite la segmentaci\u00f3n y el manejo de condiciones espec\u00edficas de cr\u00e9dito para diferentes perfiles de clientes.<\/p><\/li><li><p>Soporte de m\u00faltiples esquemas de financiamiento (revolvente y a plazo) bajo una misma l\u00ednea de cr\u00e9dito, con diferentes condiciones tales como tipos de cuota, tasas de inter\u00e9s, per\u00edodos de gracia, etc.<\/p><\/li><li><p>Definici\u00f3n param\u00e9trica de programas de cliente frecuente, marcas compartidas y grupos de afinidad.<\/p><\/li><\/ul><\/div>\t\t\t\t\t\t\t\t<\/div>\n\t\t\t\t<\/div>\n\t\t\t\t\t<\/div>\n\t\t\t\t<\/div>\n\t\t\t\t<div class=\"elementor-element elementor-element-fa3a16d elementor-widget__width-initial elementor-widget-mobile__width-inherit elementor-widget elementor-widget-text-editor\" data-id=\"fa3a16d\" data-element_type=\"widget\" data-e-type=\"widget\" data-widget_type=\"text-editor.default\">\n\t\t\t\t<div class=\"elementor-widget-container\">\n\t\t\t\t\t\t\t\t\t<div class=\"service-list-box\">\n<h6>Estructura modular:<\/h6>\n<div class=\"list-style3\">\n<ul>\n \t<li><i class=\"fal fa-check-circle\"><\/i>Afiliaci\u00f3n de clientes<\/li>\n \t<li><i class=\"fal fa-check-circle\"><\/i>Operaciones de Cr\u00e9dito<\/li>\n \t<li><i class=\"fal fa-check-circle\"><\/i>Autorizaci\u00f3n transacciones financieras<\/li>\n \t<li><i class=\"fal fa-check-circle\"><\/i>Gesti\u00f3n de cobranza<\/li>\n \t<li><i class=\"fal fa-check-circle\"><\/i>Enlace e integraci\u00f3n contable<\/li>\n \t<li><i class=\"fal fa-check-circle\"><\/i>Seguridad<\/li>\n \t<li><i class=\"fal fa-check-circle\"><\/i>Servicio al cliente<\/li>\n \t<li><i class=\"fal fa-check-circle\"><\/i>Programa de lealtad.<\/li>\n<\/ul>\n<\/div>\n<\/div>\t\t\t\t\t\t\t\t<\/div>\n\t\t\t\t<\/div>\n\t\t\t\t\t<\/div>\n\t\t<\/div>\n\t\t\t\t\t<\/div>\n\t\t<\/section>\n\t\t\t\t\t<\/div>\n\t\t<\/div>\n\t\t\t\t\t<\/div>\n\t\t<\/section>\n\t\t\t\t<\/div>\n\t\t","protected":false},"excerpt":{"rendered":"<p>SUNNEL Arca CS\u00ae &#8211; Credit System La administraci\u00f3n confiable y eficiente del cr\u00e9dito a trav\u00e9s de la emisi\u00f3n de instrumentos de pago electr\u00f3nico Soluci\u00f3n para el procesamiento de productos de cr\u00e9dito, basados en medios de pago electr\u00f3nico, cuya estructura modular satisface los requerimientos operativos de los diferentes procesos del negocio asociados a la emisi\u00f3n, control&#8230;<\/p>\n","protected":false},"author":1,"featured_media":0,"parent":0,"menu_order":0,"comment_status":"closed","ping_status":"closed","template":"elementor_header_footer","meta":{"_monsterinsights_skip_tracking":false,"_monsterinsights_sitenote_active":false,"_monsterinsights_sitenote_note":"","_monsterinsights_sitenote_category":0,"footnotes":""},"class_list":["post-9558","page","type-page","status-publish","hentry"],"aioseo_notices":[],"_links":{"self":[{"href":"https:\/\/greentech.com.co\/index.php\/wp-json\/wp\/v2\/pages\/9558","targetHints":{"allow":["GET"]}}],"collection":[{"href":"https:\/\/greentech.com.co\/index.php\/wp-json\/wp\/v2\/pages"}],"about":[{"href":"https:\/\/greentech.com.co\/index.php\/wp-json\/wp\/v2\/types\/page"}],"author":[{"embeddable":true,"href":"https:\/\/greentech.com.co\/index.php\/wp-json\/wp\/v2\/users\/1"}],"replies":[{"embeddable":true,"href":"https:\/\/greentech.com.co\/index.php\/wp-json\/wp\/v2\/comments?post=9558"}],"version-history":[{"count":91,"href":"https:\/\/greentech.com.co\/index.php\/wp-json\/wp\/v2\/pages\/9558\/revisions"}],"predecessor-version":[{"id":11673,"href":"https:\/\/greentech.com.co\/index.php\/wp-json\/wp\/v2\/pages\/9558\/revisions\/11673"}],"wp:attachment":[{"href":"https:\/\/greentech.com.co\/index.php\/wp-json\/wp\/v2\/media?parent=9558"}],"curies":[{"name":"wp","href":"https:\/\/api.w.org\/{rel}","templated":true}]}}