{"id":9180,"date":"2023-09-27T01:05:59","date_gmt":"2023-09-27T01:05:59","guid":{"rendered":"https:\/\/greentech.com.co\/?page_id=9180"},"modified":"2024-02-07T13:24:55","modified_gmt":"2024-02-07T13:24:55","slug":"procesamiento","status":"publish","type":"page","link":"https:\/\/greentech.com.co\/index.php\/procesamiento\/","title":{"rendered":"Procesamiento"},"content":{"rendered":"\t\t<div data-elementor-type=\"wp-page\" data-elementor-id=\"9180\" class=\"elementor elementor-9180\">\n\t\t\t\t\t\t<section class=\"elementor-section elementor-top-section elementor-element elementor-element-66ade5e elementor-section-full_width elementor-section-height-default elementor-section-height-default\" data-id=\"66ade5e\" data-element_type=\"section\" data-e-type=\"section\">\n\t\t\t\t\t\t<div class=\"elementor-container elementor-column-gap-no\">\n\t\t\t\t\t<div class=\"elementor-column elementor-col-100 elementor-top-column elementor-element elementor-element-c01b952\" data-id=\"c01b952\" data-element_type=\"column\" data-e-type=\"column\">\n\t\t\t<div class=\"elementor-widget-wrap elementor-element-populated\">\n\t\t\t\t\t\t<section class=\"elementor-section elementor-inner-section elementor-element elementor-element-8d51488 elementor-reverse-tablet elementor-reverse-mobile elementor-section-boxed elementor-section-height-default elementor-section-height-default\" data-id=\"8d51488\" data-element_type=\"section\" data-e-type=\"section\">\n\t\t\t\t\t\t<div class=\"elementor-container elementor-column-gap-no\">\n\t\t\t\t\t<div class=\"elementor-column elementor-col-50 elementor-inner-column elementor-element elementor-element-9eb4083\" data-id=\"9eb4083\" data-element_type=\"column\" data-e-type=\"column\">\n\t\t\t<div class=\"elementor-widget-wrap elementor-element-populated\">\n\t\t\t\t\t\t<div class=\"elementor-element elementor-element-c142079 quote-box p-0 elementor-widget elementor-widget-text-editor\" data-id=\"c142079\" data-element_type=\"widget\" data-e-type=\"widget\" data-widget_type=\"text-editor.default\">\n\t\t\t\t<div class=\"elementor-widget-container\">\n\t\t\t\t\t\t\t\t\t<h3 class=\"quote-box__title\">\u00bfC\u00f3mo podemos ayudarle?<\/h3><p><a class=\"vs-btn\" href=\"https:\/\/greentech.com.co\/index.php\/contacto\/\">Contacto<i class=\"far fa-arrow-right\"><\/i><\/a><\/p>\t\t\t\t\t\t\t\t<\/div>\n\t\t\t\t<\/div>\n\t\t\t\t\t<\/div>\n\t\t<\/div>\n\t\t\t\t<div class=\"elementor-column elementor-col-50 elementor-inner-column elementor-element elementor-element-6a03dfe\" data-id=\"6a03dfe\" data-element_type=\"column\" data-e-type=\"column\">\n\t\t\t<div class=\"elementor-widget-wrap elementor-element-populated\">\n\t\t\t\t\t\t<div class=\"elementor-element elementor-element-3163115 elementor-widget elementor-widget-image\" data-id=\"3163115\" data-element_type=\"widget\" data-e-type=\"widget\" data-widget_type=\"image.default\">\n\t\t\t\t<div class=\"elementor-widget-container\">\n\t\t\t\t\t\t\t\t\t\t\t\t\t\t\t<img fetchpriority=\"high\" decoding=\"async\" width=\"1207\" height=\"389\" src=\"https:\/\/greentech.com.co\/wp-content\/uploads\/2023\/12\/Procesamiento.png\" class=\"attachment-full size-full wp-image-10302\" alt=\"\" srcset=\"https:\/\/greentech.com.co\/wp-content\/uploads\/2023\/12\/Procesamiento.png 1207w, https:\/\/greentech.com.co\/wp-content\/uploads\/2023\/12\/Procesamiento-300x97.png 300w, https:\/\/greentech.com.co\/wp-content\/uploads\/2023\/12\/Procesamiento-1024x330.png 1024w, https:\/\/greentech.com.co\/wp-content\/uploads\/2023\/12\/Procesamiento-768x248.png 768w, https:\/\/greentech.com.co\/wp-content\/uploads\/2023\/12\/Procesamiento-600x193.png 600w\" sizes=\"(max-width: 1207px) 100vw, 1207px\" \/>\t\t\t\t\t\t\t\t\t\t\t\t\t\t\t<\/div>\n\t\t\t\t<\/div>\n\t\t\t\t<div class=\"elementor-element elementor-element-ed175d0 elementor-widget elementor-widget-heading\" data-id=\"ed175d0\" data-element_type=\"widget\" data-e-type=\"widget\" data-widget_type=\"heading.default\">\n\t\t\t\t<div class=\"elementor-widget-container\">\n\t\t\t\t\t<h2 class=\"elementor-heading-title elementor-size-default\">Procesamiento<\/h2>\t\t\t\t<\/div>\n\t\t\t\t<\/div>\n\t\t\t\t<div class=\"elementor-element elementor-element-aad226d elementor-widget elementor-widget-text-editor\" data-id=\"aad226d\" data-element_type=\"widget\" data-e-type=\"widget\" data-widget_type=\"text-editor.default\">\n\t\t\t\t<div class=\"elementor-widget-container\">\n\t\t\t\t\t\t\t\t\t<h6><b>Sunnel<\/b><b> Arca<\/b><b><i> As a <\/i><\/b><b><i>Service<\/i><\/b><\/h6><p>Simplifique la operaci\u00f3n de su negocio, Agilice el proceso de productos medios de pago electr\u00f3nico.<\/p><p>La arquitectura compatible con ambientes Cloud, permite el despliegue de nuestras soluciones bajo un modelo SaaS (<i>Software as a <\/i><i>Service<\/i>), agilizando la adopci\u00f3n (time to market) y la emisi\u00f3n de productos de medios de pago electr\u00f3nico, con las ventajas propias que este modelo de operaci\u00f3n ofrece:<\/p><ul><li><p>Gesti\u00f3n y administraci\u00f3n de Infraestructura, Software Operativo y Aplicativo<\/p><\/li><li><p>Uso eficiente de recursos de infraestructura con Escalabilidad bajo demanda<\/p><\/li><li><p>Acceso f\u00e1cil al alcance funcional de la soluci\u00f3n mediante un navegador<\/p><\/li><li><p>Actualizaciones autom\u00e1ticas de Software Operativo y Aplicativo, entre otras.<\/p><\/li><\/ul><p>Basado en ambientes de operaci\u00f3n con soporte de los m\u00e1s altos niveles de confiabilidad y caracter\u00edsticas tales como:\u00a0<\/p><ul><li><p>Cumplimiento de est\u00e1ndares y requerimientos de seguridad propios de la industria de medios de pago<\/p><\/li><li><p>Altos niveles de disponibilidad<\/p><\/li><li><p>Con soporte DRP (Disaster Recovery Plan)<\/p><\/li><li><p>\u00d3ptimos niveles de desempe\u00f1o y tiempos de respuesta.<\/p><\/li><\/ul>\t\t\t\t\t\t\t\t<\/div>\n\t\t\t\t<\/div>\n\t\t\t\t\t<\/div>\n\t\t<\/div>\n\t\t\t\t\t<\/div>\n\t\t<\/section>\n\t\t\t\t\t<\/div>\n\t\t<\/div>\n\t\t\t\t\t<\/div>\n\t\t<\/section>\n\t\t\t\t<\/div>\n\t\t","protected":false},"excerpt":{"rendered":"<p>\u00bfC\u00f3mo podemos ayudarle? Contacto Procesamiento Sunnel Arca As a Service Simplifique la operaci\u00f3n de su negocio, Agilice el proceso de productos medios de pago electr\u00f3nico. La arquitectura compatible con ambientes Cloud, permite el despliegue de nuestras soluciones bajo un modelo SaaS (Software as a Service), agilizando la adopci\u00f3n (time to market) y la emisi\u00f3n de&#8230;<\/p>\n","protected":false},"author":1,"featured_media":0,"parent":0,"menu_order":0,"comment_status":"closed","ping_status":"closed","template":"elementor_header_footer","meta":{"_monsterinsights_skip_tracking":false,"_monsterinsights_sitenote_active":false,"_monsterinsights_sitenote_note":"","_monsterinsights_sitenote_category":0,"footnotes":""},"class_list":["post-9180","page","type-page","status-publish","hentry"],"aioseo_notices":[],"_links":{"self":[{"href":"https:\/\/greentech.com.co\/index.php\/wp-json\/wp\/v2\/pages\/9180","targetHints":{"allow":["GET"]}}],"collection":[{"href":"https:\/\/greentech.com.co\/index.php\/wp-json\/wp\/v2\/pages"}],"about":[{"href":"https:\/\/greentech.com.co\/index.php\/wp-json\/wp\/v2\/types\/page"}],"author":[{"embeddable":true,"href":"https:\/\/greentech.com.co\/index.php\/wp-json\/wp\/v2\/users\/1"}],"replies":[{"embeddable":true,"href":"https:\/\/greentech.com.co\/index.php\/wp-json\/wp\/v2\/comments?post=9180"}],"version-history":[{"count":57,"href":"https:\/\/greentech.com.co\/index.php\/wp-json\/wp\/v2\/pages\/9180\/revisions"}],"predecessor-version":[{"id":11645,"href":"https:\/\/greentech.com.co\/index.php\/wp-json\/wp\/v2\/pages\/9180\/revisions\/11645"}],"wp:attachment":[{"href":"https:\/\/greentech.com.co\/index.php\/wp-json\/wp\/v2\/media?parent=9180"}],"curies":[{"name":"wp","href":"https:\/\/api.w.org\/{rel}","templated":true}]}}