{"id":9178,"date":"2023-09-27T01:05:29","date_gmt":"2023-09-27T01:05:29","guid":{"rendered":"https:\/\/greentech.com.co\/?page_id=9178"},"modified":"2024-02-07T13:24:09","modified_gmt":"2024-02-07T13:24:09","slug":"sopote-y-mantenimiento","status":"publish","type":"page","link":"https:\/\/greentech.com.co\/index.php\/sopote-y-mantenimiento\/","title":{"rendered":"Soporte y mantenimiento"},"content":{"rendered":"\t\t<div data-elementor-type=\"wp-page\" data-elementor-id=\"9178\" class=\"elementor elementor-9178\">\n\t\t\t\t\t\t<section class=\"elementor-section elementor-top-section elementor-element elementor-element-66ade5e elementor-section-full_width elementor-section-height-default elementor-section-height-default\" data-id=\"66ade5e\" data-element_type=\"section\" data-e-type=\"section\">\n\t\t\t\t\t\t<div class=\"elementor-container elementor-column-gap-no\">\n\t\t\t\t\t<div class=\"elementor-column elementor-col-100 elementor-top-column elementor-element elementor-element-c01b952\" data-id=\"c01b952\" data-element_type=\"column\" data-e-type=\"column\">\n\t\t\t<div class=\"elementor-widget-wrap elementor-element-populated\">\n\t\t\t\t\t\t<section class=\"elementor-section elementor-inner-section elementor-element elementor-element-8d51488 elementor-reverse-tablet elementor-reverse-mobile elementor-section-boxed elementor-section-height-default elementor-section-height-default\" data-id=\"8d51488\" data-element_type=\"section\" data-e-type=\"section\">\n\t\t\t\t\t\t<div class=\"elementor-container elementor-column-gap-no\">\n\t\t\t\t\t<div class=\"elementor-column elementor-col-50 elementor-inner-column elementor-element elementor-element-9eb4083\" data-id=\"9eb4083\" data-element_type=\"column\" data-e-type=\"column\">\n\t\t\t<div class=\"elementor-widget-wrap elementor-element-populated\">\n\t\t\t\t\t\t<div class=\"elementor-element elementor-element-c142079 quote-box p-0 elementor-widget elementor-widget-text-editor\" data-id=\"c142079\" data-element_type=\"widget\" data-e-type=\"widget\" data-widget_type=\"text-editor.default\">\n\t\t\t\t<div class=\"elementor-widget-container\">\n\t\t\t\t\t\t\t\t\t<h3 class=\"quote-box__title\">\u00bfC\u00f3mo podemos ayudarle?<\/h3><p><a class=\"vs-btn\" href=\"https:\/\/greentech.com.co\/index.php\/contacto\/\">Contacto<i class=\"far fa-arrow-right\"><\/i><\/a><\/p>\t\t\t\t\t\t\t\t<\/div>\n\t\t\t\t<\/div>\n\t\t\t\t\t<\/div>\n\t\t<\/div>\n\t\t\t\t<div class=\"elementor-column elementor-col-50 elementor-inner-column elementor-element elementor-element-6a03dfe\" data-id=\"6a03dfe\" data-element_type=\"column\" data-e-type=\"column\">\n\t\t\t<div class=\"elementor-widget-wrap elementor-element-populated\">\n\t\t\t\t\t\t<div class=\"elementor-element elementor-element-7e16def elementor-widget elementor-widget-image\" data-id=\"7e16def\" data-element_type=\"widget\" data-e-type=\"widget\" data-widget_type=\"image.default\">\n\t\t\t\t<div class=\"elementor-widget-container\">\n\t\t\t\t\t\t\t\t\t\t\t\t\t\t\t<img fetchpriority=\"high\" decoding=\"async\" width=\"1207\" height=\"389\" src=\"https:\/\/greentech.com.co\/wp-content\/uploads\/2023\/12\/Soporte.png\" class=\"attachment-full size-full wp-image-10303\" alt=\"\" srcset=\"https:\/\/greentech.com.co\/wp-content\/uploads\/2023\/12\/Soporte.png 1207w, https:\/\/greentech.com.co\/wp-content\/uploads\/2023\/12\/Soporte-300x97.png 300w, https:\/\/greentech.com.co\/wp-content\/uploads\/2023\/12\/Soporte-1024x330.png 1024w, https:\/\/greentech.com.co\/wp-content\/uploads\/2023\/12\/Soporte-768x248.png 768w, https:\/\/greentech.com.co\/wp-content\/uploads\/2023\/12\/Soporte-600x193.png 600w\" sizes=\"(max-width: 1207px) 100vw, 1207px\" \/>\t\t\t\t\t\t\t\t\t\t\t\t\t\t\t<\/div>\n\t\t\t\t<\/div>\n\t\t\t\t<div class=\"elementor-element elementor-element-ed175d0 elementor-widget elementor-widget-heading\" data-id=\"ed175d0\" data-element_type=\"widget\" data-e-type=\"widget\" data-widget_type=\"heading.default\">\n\t\t\t\t<div class=\"elementor-widget-container\">\n\t\t\t\t\t<h2 class=\"elementor-heading-title elementor-size-default\">Soporte y mantenimiento\n<\/h2>\t\t\t\t<\/div>\n\t\t\t\t<\/div>\n\t\t\t\t<div class=\"elementor-element elementor-element-aad226d elementor-widget elementor-widget-text-editor\" data-id=\"aad226d\" data-element_type=\"widget\" data-e-type=\"widget\" data-widget_type=\"text-editor.default\">\n\t\t\t\t<div class=\"elementor-widget-container\">\n\t\t\t\t\t\t\t\t\t<h6><b>Nuestro objetivo: La operaci\u00f3n segura y continua de su negocio<\/b><\/h6><p>Contamos con un equipo de consultores altamente calificado, responsables de la atenci\u00f3n oportuna de las solicitudes de asistencia t\u00e9cnica y dem\u00e1s servicios de soporte requeridos, para las tareas de mantenimiento preventivo, correctivo y evolutivo de los productos y soluciones licenciados por nuestros clientes.<\/p><p>Con caracter\u00edsticas 24&#215;7, los Niveles de Servicio, garantizar\u00e1n el correcto funcionamiento de todos los componentes del sistema.\u00a0\u00a0\u00a0<\/p><p>A trav\u00e9s de nuestra Mesa de Ayuda On-Line, nuestros clientes acceden de forma r\u00e1pida a los recursos necesarios para la \u00e1gil atenci\u00f3n de tareas tales como: diagn\u00f3stico, aplicaci\u00f3n de correctivos y soluci\u00f3n de inquietudes sobre el funcionamiento y modelo de operaci\u00f3n de nuestros productos y soluciones.<\/p><p>Con la\u00a0 contrataci\u00f3n de los servicios de soporte y mantenimiento, nuestros clientes acceden a las nuevas versiones y\/o releases de los productos instalados, as\u00ed como tambi\u00e9n a cualquier tipo de actualizaci\u00f3n, mejora o mantenimiento evolutivo (t\u00e9cnico y\/o funcional) de nuestras soluciones.<\/p>\t\t\t\t\t\t\t\t<\/div>\n\t\t\t\t<\/div>\n\t\t\t\t\t<\/div>\n\t\t<\/div>\n\t\t\t\t\t<\/div>\n\t\t<\/section>\n\t\t\t\t\t<\/div>\n\t\t<\/div>\n\t\t\t\t\t<\/div>\n\t\t<\/section>\n\t\t\t\t<\/div>\n\t\t","protected":false},"excerpt":{"rendered":"<p>\u00bfC\u00f3mo podemos ayudarle? Contacto Soporte y mantenimiento Nuestro objetivo: La operaci\u00f3n segura y continua de su negocio Contamos con un equipo de consultores altamente calificado, responsables de la atenci\u00f3n oportuna de las solicitudes de asistencia t\u00e9cnica y dem\u00e1s servicios de soporte requeridos, para las tareas de mantenimiento preventivo, correctivo y evolutivo de los productos y&#8230;<\/p>\n","protected":false},"author":1,"featured_media":0,"parent":0,"menu_order":0,"comment_status":"closed","ping_status":"closed","template":"elementor_header_footer","meta":{"_monsterinsights_skip_tracking":false,"_monsterinsights_sitenote_active":false,"_monsterinsights_sitenote_note":"","_monsterinsights_sitenote_category":0,"footnotes":""},"class_list":["post-9178","page","type-page","status-publish","hentry"],"aioseo_notices":[],"_links":{"self":[{"href":"https:\/\/greentech.com.co\/index.php\/wp-json\/wp\/v2\/pages\/9178","targetHints":{"allow":["GET"]}}],"collection":[{"href":"https:\/\/greentech.com.co\/index.php\/wp-json\/wp\/v2\/pages"}],"about":[{"href":"https:\/\/greentech.com.co\/index.php\/wp-json\/wp\/v2\/types\/page"}],"author":[{"embeddable":true,"href":"https:\/\/greentech.com.co\/index.php\/wp-json\/wp\/v2\/users\/1"}],"replies":[{"embeddable":true,"href":"https:\/\/greentech.com.co\/index.php\/wp-json\/wp\/v2\/comments?post=9178"}],"version-history":[{"count":48,"href":"https:\/\/greentech.com.co\/index.php\/wp-json\/wp\/v2\/pages\/9178\/revisions"}],"predecessor-version":[{"id":11638,"href":"https:\/\/greentech.com.co\/index.php\/wp-json\/wp\/v2\/pages\/9178\/revisions\/11638"}],"wp:attachment":[{"href":"https:\/\/greentech.com.co\/index.php\/wp-json\/wp\/v2\/media?parent=9178"}],"curies":[{"name":"wp","href":"https:\/\/api.w.org\/{rel}","templated":true}]}}