{"id":72,"date":"2022-08-10T11:06:16","date_gmt":"2022-08-10T11:06:16","guid":{"rendered":"https:\/\/wordpress.vecurosoft.com\/techbiz\/?page_id=72"},"modified":"2024-02-07T13:20:10","modified_gmt":"2024-02-07T13:20:10","slug":"sunnel-2","status":"publish","type":"page","link":"https:\/\/greentech.com.co\/index.php\/sunnel-2\/","title":{"rendered":"SUNNEL BI"},"content":{"rendered":"\t\t<div data-elementor-type=\"wp-page\" data-elementor-id=\"72\" class=\"elementor elementor-72\">\n\t\t\t\t<div class=\"elementor-element elementor-element-7faa5bc6 e-con-full e-flex e-con e-parent\" data-id=\"7faa5bc6\" data-element_type=\"container\" data-e-type=\"container\">\n\t\t<div class=\"elementor-element elementor-element-7004f224 e-con-full elementor-hidden-mobile e-flex e-con e-child\" data-id=\"7004f224\" data-element_type=\"container\" data-e-type=\"container\">\n\t\t\t\t<\/div>\n\t\t<div class=\"elementor-element elementor-element-565be85 e-con-full e-flex e-con e-child\" data-id=\"565be85\" data-element_type=\"container\" data-e-type=\"container\">\n\t\t\t\t<div class=\"elementor-element elementor-element-24b27814 elementor-widget elementor-widget-image\" data-id=\"24b27814\" data-element_type=\"widget\" data-e-type=\"widget\" data-widget_type=\"image.default\">\n\t\t\t\t<div class=\"elementor-widget-container\">\n\t\t\t\t\t\t\t\t\t\t\t\t\t\t\t<img fetchpriority=\"high\" decoding=\"async\" width=\"751\" height=\"277\" src=\"https:\/\/greentech.com.co\/wp-content\/uploads\/2024\/01\/Sunnel-grises-768x283.png\" class=\"attachment-medium_large size-medium_large wp-image-10827\" alt=\"sunnel\" srcset=\"https:\/\/greentech.com.co\/wp-content\/uploads\/2024\/01\/Sunnel-grises-768x283.png 768w, https:\/\/greentech.com.co\/wp-content\/uploads\/2024\/01\/Sunnel-grises-300x111.png 300w, https:\/\/greentech.com.co\/wp-content\/uploads\/2024\/01\/Sunnel-grises-600x221.png 600w, https:\/\/greentech.com.co\/wp-content\/uploads\/2024\/01\/Sunnel-grises.png 792w\" sizes=\"(max-width: 751px) 100vw, 751px\" \/>\t\t\t\t\t\t\t\t\t\t\t\t\t\t\t<\/div>\n\t\t\t\t<\/div>\n\t\t\t\t<\/div>\n\t\t<div class=\"elementor-element elementor-element-142f71b7 e-con-full elementor-hidden-mobile e-flex e-con e-child\" data-id=\"142f71b7\" data-element_type=\"container\" data-e-type=\"container\">\n\t\t\t\t<\/div>\n\t\t\t\t<\/div>\n\t\t\t\t<section class=\"elementor-section elementor-top-section elementor-element elementor-element-66ade5e elementor-section-full_width elementor-section-height-default elementor-section-height-default\" data-id=\"66ade5e\" data-element_type=\"section\" data-e-type=\"section\">\n\t\t\t\t\t\t<div class=\"elementor-container elementor-column-gap-no\">\n\t\t\t\t\t<div class=\"elementor-column elementor-col-100 elementor-top-column elementor-element elementor-element-c01b952\" data-id=\"c01b952\" data-element_type=\"column\" data-e-type=\"column\">\n\t\t\t<div class=\"elementor-widget-wrap elementor-element-populated\">\n\t\t\t\t\t\t<section class=\"elementor-section elementor-inner-section elementor-element elementor-element-8d51488 elementor-reverse-tablet elementor-reverse-mobile elementor-section-boxed elementor-section-height-default elementor-section-height-default\" data-id=\"8d51488\" data-element_type=\"section\" data-e-type=\"section\">\n\t\t\t\t\t\t<div class=\"elementor-container elementor-column-gap-no\">\n\t\t\t\t\t<div class=\"elementor-column elementor-col-50 elementor-inner-column elementor-element elementor-element-9eb4083\" data-id=\"9eb4083\" data-element_type=\"column\" data-e-type=\"column\">\n\t\t\t<div class=\"elementor-widget-wrap elementor-element-populated\">\n\t\t\t\t\t\t<div class=\"elementor-element elementor-element-7c75b90 elementor-hidden-tablet elementor-widget elementor-widget-image\" data-id=\"7c75b90\" data-element_type=\"widget\" data-e-type=\"widget\" data-widget_type=\"image.default\">\n\t\t\t\t<div class=\"elementor-widget-container\">\n\t\t\t\t\t\t\t\t\t\t\t\t\t\t\t<img decoding=\"async\" width=\"441\" height=\"409\" src=\"https:\/\/greentech.com.co\/wp-content\/uploads\/2023\/12\/Sunnel-arca-bi.png\" class=\"attachment-large size-large wp-image-10584\" alt=\"\" srcset=\"https:\/\/greentech.com.co\/wp-content\/uploads\/2023\/12\/Sunnel-arca-bi.png 441w, https:\/\/greentech.com.co\/wp-content\/uploads\/2023\/12\/Sunnel-arca-bi-300x278.png 300w\" sizes=\"(max-width: 441px) 100vw, 441px\" \/>\t\t\t\t\t\t\t\t\t\t\t\t\t\t\t<\/div>\n\t\t\t\t<\/div>\n\t\t\t\t\t<\/div>\n\t\t<\/div>\n\t\t\t\t<div class=\"elementor-column elementor-col-50 elementor-inner-column elementor-element elementor-element-6a03dfe\" data-id=\"6a03dfe\" data-element_type=\"column\" data-e-type=\"column\">\n\t\t\t<div class=\"elementor-widget-wrap elementor-element-populated\">\n\t\t\t\t\t\t<div class=\"elementor-element elementor-element-7aea684 elementor-widget elementor-widget-heading\" data-id=\"7aea684\" data-element_type=\"widget\" data-e-type=\"widget\" data-widget_type=\"heading.default\">\n\t\t\t\t<div class=\"elementor-widget-container\">\n\t\t\t\t\t<h2 class=\"elementor-heading-title elementor-size-default\">SUNNEL\u00ae BI\n<\/h2>\t\t\t\t<\/div>\n\t\t\t\t<\/div>\n\t\t\t\t<div class=\"elementor-element elementor-element-3236a66 elementor-widget elementor-widget-text-editor\" data-id=\"3236a66\" data-element_type=\"widget\" data-e-type=\"widget\" data-widget_type=\"text-editor.default\">\n\t\t\t\t<div class=\"elementor-widget-container\">\n\t\t\t\t\t\t\t\t\t<h6><b>La informaci\u00f3n: Un activo clave en la estrategia de su negocio<\/b><\/h6><p>100% integrado a nuestras soluciones de procesamiento de medios de pago electr\u00f3nico (Arca CS &amp; Arca PS), Sunnel Arca BI incorpora una estrategia eficiente de extracci\u00f3n, transformaci\u00f3n y carga de datos para la generaci\u00f3n y despliegue de una amplia gama de indicadores de desempe\u00f1o, monitores y tableros de control (Dashboards)<\/p><p>Integra una arquitectura flexible, escalable, basado en las mejores pr\u00e1cticas para el dise\u00f1o e implementaci\u00f3n de este tipo de soluciones que permitan medir desde m\u00faltiples dimensiones, el desempe\u00f1o y resultados del negocio.<\/p><p>Con Sunnel Arca BI, active indicadoresde gesti\u00f3n que le permitan, entre otros:<\/p><ul><li>Acompa\u00f1ar el proceso de originaci\u00f3n para monitorear el volumen de solicitudes en proceso, aplicando criterios de an\u00e1lisis relevantes tales como fase en la que se encuentran, estados, programa de promoci\u00f3n, entre otros<\/li><li>Identificar c\u00f3mo y d\u00f3nde captar nuevos clientes y evaluar la efectividad de las diferentes campa\u00f1as de promoci\u00f3n y el cumplimiento de metas de captaci\u00f3n<\/li><li>Monitorear los \u00edndices de saldos en mora, que le permitan definir estrategias eficaces de recuperaci\u00f3n.<\/li><\/ul>\t\t\t\t\t\t\t\t<\/div>\n\t\t\t\t<\/div>\n\t\t\t\t\t<\/div>\n\t\t<\/div>\n\t\t\t\t\t<\/div>\n\t\t<\/section>\n\t\t\t\t\t<\/div>\n\t\t<\/div>\n\t\t\t\t\t<\/div>\n\t\t<\/section>\n\t\t\t\t<\/div>\n\t\t","protected":false},"excerpt":{"rendered":"<p>SUNNEL\u00ae BI La informaci\u00f3n: Un activo clave en la estrategia de su negocio 100% integrado a nuestras soluciones de procesamiento de medios de pago electr\u00f3nico (Arca CS &amp; Arca PS), Sunnel Arca BI incorpora una estrategia eficiente de extracci\u00f3n, transformaci\u00f3n y carga de datos para la generaci\u00f3n y despliegue de una amplia gama de indicadores&#8230;<\/p>\n","protected":false},"author":1,"featured_media":0,"parent":0,"menu_order":0,"comment_status":"closed","ping_status":"closed","template":"elementor_header_footer","meta":{"_monsterinsights_skip_tracking":false,"_monsterinsights_sitenote_active":false,"_monsterinsights_sitenote_note":"","_monsterinsights_sitenote_category":0,"footnotes":""},"class_list":["post-72","page","type-page","status-publish","hentry"],"aioseo_notices":[],"_links":{"self":[{"href":"https:\/\/greentech.com.co\/index.php\/wp-json\/wp\/v2\/pages\/72","targetHints":{"allow":["GET"]}}],"collection":[{"href":"https:\/\/greentech.com.co\/index.php\/wp-json\/wp\/v2\/pages"}],"about":[{"href":"https:\/\/greentech.com.co\/index.php\/wp-json\/wp\/v2\/types\/page"}],"author":[{"embeddable":true,"href":"https:\/\/greentech.com.co\/index.php\/wp-json\/wp\/v2\/users\/1"}],"replies":[{"embeddable":true,"href":"https:\/\/greentech.com.co\/index.php\/wp-json\/wp\/v2\/comments?post=72"}],"version-history":[{"count":93,"href":"https:\/\/greentech.com.co\/index.php\/wp-json\/wp\/v2\/pages\/72\/revisions"}],"predecessor-version":[{"id":11620,"href":"https:\/\/greentech.com.co\/index.php\/wp-json\/wp\/v2\/pages\/72\/revisions\/11620"}],"wp:attachment":[{"href":"https:\/\/greentech.com.co\/index.php\/wp-json\/wp\/v2\/media?parent=72"}],"curies":[{"name":"wp","href":"https:\/\/api.w.org\/{rel}","templated":true}]}}