{"id":10029,"date":"2023-12-13T16:36:30","date_gmt":"2023-12-13T16:36:30","guid":{"rendered":"https:\/\/greentech.com.co\/?page_id=10029"},"modified":"2024-02-05T18:56:24","modified_gmt":"2024-02-05T18:56:24","slug":"politica-de-privacidad","status":"publish","type":"page","link":"https:\/\/greentech.com.co\/index.php\/politica-de-privacidad\/","title":{"rendered":"Pol\u00edtica de privacidad"},"content":{"rendered":"\t\t<div data-elementor-type=\"wp-page\" data-elementor-id=\"10029\" class=\"elementor elementor-10029\">\n\t\t\t\t<div class=\"elementor-element elementor-element-9abac2e e-flex e-con-boxed e-con e-parent\" data-id=\"9abac2e\" data-element_type=\"container\" data-e-type=\"container\">\n\t\t\t\t\t<div class=\"e-con-inner\">\n\t\t\t\t<div class=\"elementor-element elementor-element-1e3af81 elementor-widget elementor-widget-heading\" data-id=\"1e3af81\" data-element_type=\"widget\" data-e-type=\"widget\" data-widget_type=\"heading.default\">\n\t\t\t\t<div class=\"elementor-widget-container\">\n\t\t\t\t\t<h4 class=\"elementor-heading-title elementor-size-default\">POL\u00cdTICAS PARA EL TRATAMIENTO DE DATOS<\/h4>\t\t\t\t<\/div>\n\t\t\t\t<\/div>\n\t\t\t\t\t<\/div>\n\t\t\t\t<\/div>\n\t\t<div class=\"elementor-element elementor-element-17c4947 e-flex e-con-boxed e-con e-parent\" data-id=\"17c4947\" data-element_type=\"container\" data-e-type=\"container\">\n\t\t\t\t\t<div class=\"e-con-inner\">\n\t\t\t\t<div class=\"elementor-element elementor-element-439ed45 elementor-widget elementor-widget-heading\" data-id=\"439ed45\" data-element_type=\"widget\" data-e-type=\"widget\" data-widget_type=\"heading.default\">\n\t\t\t\t<div class=\"elementor-widget-container\">\n\t\t\t\t\t<h5 class=\"elementor-heading-title elementor-size-default\">OBJETIVO<\/h5>\t\t\t\t<\/div>\n\t\t\t\t<\/div>\n\t\t\t\t\t<\/div>\n\t\t\t\t<\/div>\n\t\t<div class=\"elementor-element elementor-element-829d919 e-flex e-con-boxed e-con e-parent\" data-id=\"829d919\" data-element_type=\"container\" data-e-type=\"container\">\n\t\t\t\t\t<div class=\"e-con-inner\">\n\t\t\t\t<div class=\"elementor-element elementor-element-4cadcae elementor-widget elementor-widget-text-editor\" data-id=\"4cadcae\" data-element_type=\"widget\" data-e-type=\"widget\" data-widget_type=\"text-editor.default\">\n\t\t\t\t<div class=\"elementor-widget-container\">\n\t\t\t\t\t\t\t\t\t<p>Mediante la implementaci\u00f3n de esta pol\u00edtica se da cumplimiento a la <strong>Ley Estatutaria <\/strong>de<strong> Habeas Data No. 1581 de 2012<\/strong>, sus decretos reglamentarios y circulares expedidas por la Superintendencia de Industria y Comercio en todo lo relacionado con la protecci\u00f3n de los datos personales.<\/p>\t\t\t\t\t\t\t\t<\/div>\n\t\t\t\t<\/div>\n\t\t\t\t\t<\/div>\n\t\t\t\t<\/div>\n\t\t<div class=\"elementor-element elementor-element-d457400 e-flex e-con-boxed e-con e-parent\" data-id=\"d457400\" data-element_type=\"container\" data-e-type=\"container\">\n\t\t\t\t\t<div class=\"e-con-inner\">\n\t\t\t\t<div class=\"elementor-element elementor-element-ad3c3ad elementor-widget elementor-widget-heading\" data-id=\"ad3c3ad\" data-element_type=\"widget\" data-e-type=\"widget\" data-widget_type=\"heading.default\">\n\t\t\t\t<div class=\"elementor-widget-container\">\n\t\t\t\t\t<h5 class=\"elementor-heading-title elementor-size-default\">ALCANCE<\/h5>\t\t\t\t<\/div>\n\t\t\t\t<\/div>\n\t\t\t\t\t<\/div>\n\t\t\t\t<\/div>\n\t\t<div class=\"elementor-element elementor-element-a94fb26 e-flex e-con-boxed e-con e-parent\" data-id=\"a94fb26\" data-element_type=\"container\" data-e-type=\"container\">\n\t\t\t\t\t<div class=\"e-con-inner\">\n\t\t\t\t<div class=\"elementor-element elementor-element-c017bcc elementor-widget elementor-widget-text-editor\" data-id=\"c017bcc\" data-element_type=\"widget\" data-e-type=\"widget\" data-widget_type=\"text-editor.default\">\n\t\t\t\t<div class=\"elementor-widget-container\">\n\t\t\t\t\t\t\t\t\t<p>Las pol\u00edticas y procedimientos contenidos en el presente documento aplican a las bases de datos que contengan informaci\u00f3n de aliados comerciales, clientes, empleados y proveedores.<\/p>\t\t\t\t\t\t\t\t<\/div>\n\t\t\t\t<\/div>\n\t\t\t\t<div class=\"elementor-element elementor-element-79b407c elementor-widget-divider--view-line elementor-widget elementor-widget-divider\" data-id=\"79b407c\" data-element_type=\"widget\" data-e-type=\"widget\" data-widget_type=\"divider.default\">\n\t\t\t\t<div class=\"elementor-widget-container\">\n\t\t\t\t\t\t\t<div class=\"elementor-divider\">\n\t\t\t<span class=\"elementor-divider-separator\">\n\t\t\t\t\t\t<\/span>\n\t\t<\/div>\n\t\t\t\t\t\t<\/div>\n\t\t\t\t<\/div>\n\t\t\t\t\t<\/div>\n\t\t\t\t<\/div>\n\t\t<div class=\"elementor-element elementor-element-c9a19e6 e-flex e-con-boxed e-con e-parent\" data-id=\"c9a19e6\" data-element_type=\"container\" data-e-type=\"container\">\n\t\t\t\t\t<div class=\"e-con-inner\">\n\t\t\t\t<div class=\"elementor-element elementor-element-ba30203 elementor-widget elementor-widget-heading\" data-id=\"ba30203\" data-element_type=\"widget\" data-e-type=\"widget\" data-widget_type=\"heading.default\">\n\t\t\t\t<div class=\"elementor-widget-container\">\n\t\t\t\t\t<h6 class=\"elementor-heading-title elementor-size-default\">1. Finalidades del tratamiento de datos<\/h6>\t\t\t\t<\/div>\n\t\t\t\t<\/div>\n\t\t\t\t\t<\/div>\n\t\t\t\t<\/div>\n\t\t<div class=\"elementor-element elementor-element-bb76587 e-flex e-con-boxed e-con e-parent\" data-id=\"bb76587\" data-element_type=\"container\" data-e-type=\"container\">\n\t\t\t\t\t<div class=\"e-con-inner\">\n\t\t\t\t<div class=\"elementor-element elementor-element-42fd2eb elementor-widget elementor-widget-text-editor\" data-id=\"42fd2eb\" data-element_type=\"widget\" data-e-type=\"widget\" data-widget_type=\"text-editor.default\">\n\t\t\t\t<div class=\"elementor-widget-container\">\n\t\t\t\t\t\t\t\t\t<p>Los datos personales de los cuales Greentech Ltda es responsable son incluidos en bases de datos y ser\u00e1n utilizados para las siguientes finalidades:\u00a0<\/p>\t\t\t\t\t\t\t\t<\/div>\n\t\t\t\t<\/div>\n\t\t\t\t\t<\/div>\n\t\t\t\t<\/div>\n\t\t<div class=\"elementor-element elementor-element-cfcfe67 e-flex e-con-boxed e-con e-parent\" data-id=\"cfcfe67\" data-element_type=\"container\" data-e-type=\"container\">\n\t\t\t\t\t<div class=\"e-con-inner\">\n\t\t\t\t<div class=\"elementor-element elementor-element-42dfc81 elementor-widget elementor-widget-heading\" data-id=\"42dfc81\" data-element_type=\"widget\" data-e-type=\"widget\" data-widget_type=\"heading.default\">\n\t\t\t\t<div class=\"elementor-widget-container\">\n\t\t\t\t\t<h6 class=\"elementor-heading-title elementor-size-default\">1.1. Respecto de los clientes y usuarios:<\/h6>\t\t\t\t<\/div>\n\t\t\t\t<\/div>\n\t\t\t\t\t<\/div>\n\t\t\t\t<\/div>\n\t\t<div class=\"elementor-element elementor-element-0e2d0b8 e-flex e-con-boxed e-con e-parent\" data-id=\"0e2d0b8\" data-element_type=\"container\" data-e-type=\"container\">\n\t\t\t\t\t<div class=\"e-con-inner\">\n\t\t\t\t<div class=\"elementor-element elementor-element-f8b349e elementor-widget elementor-widget-text-editor\" data-id=\"f8b349e\" data-element_type=\"widget\" data-e-type=\"widget\" data-widget_type=\"text-editor.default\">\n\t\t\t\t<div class=\"elementor-widget-container\">\n\t\t\t\t\t\t\t\t\t<ul><li>Efectuar las gestiones pertinentes para el desarrollo del objeto social de la compa\u00f1\u00eda en lo que tiene que ver con el cumplimiento del objeto del contrato celebrado con el Titular de la informaci\u00f3n o con un Tercero y para las actividades empresariales y comerciales, as\u00ed como para el giro de sus negocios, proyectos, campa\u00f1as, contacto, informaci\u00f3n, entre otras.<\/li><li>Gestionar actividades de comunicaci\u00f3n y fidelizaci\u00f3n de clientes.<\/li><li>Desarrollar actividades de marketing e informar servicios.<\/li><li>Evaluar la calidad del servicio.<\/li><li>Creaci\u00f3n, actualizaci\u00f3n, acreditaci\u00f3n y gesti\u00f3n contable, fiscal, legal y administrativa.<\/li><li>Reporte de obligaciones tributarias y legales.<\/li><li>Para otros fines comerciales de atenci\u00f3n al cliente y mercadeo.<\/li><li>Dar cumplimiento a obligaciones contra\u00eddas con los clientes al momento de servicios.<\/li><li>Entregar y ofrecer servicios acordes con las necesidades particulares del cliente.<\/li><li>Informar sobre cambios en servicios ofrecidos y sobre nuevos servicios.<\/li><li>Formalizar el relacionamiento contractual con los clientes.<\/li><li>Desarrollar acciones comerciales o servicios de post venta, de car\u00e1cter general o dirigidas espec\u00edficamente al titular.<\/li><li>Transferir y\/o Transmitir datos personales dentro y fuera del pa\u00eds a terceros con los cuales Greentech Ltda. haya suscrito un contrato de transferencia o transmisi\u00f3n de datos y sea necesario entreg\u00e1rsela para el cumplimiento del objeto contractual.<\/li><\/ul>\t\t\t\t\t\t\t\t<\/div>\n\t\t\t\t<\/div>\n\t\t\t\t\t<\/div>\n\t\t\t\t<\/div>\n\t\t<div class=\"elementor-element elementor-element-16ce44d e-flex e-con-boxed e-con e-parent\" data-id=\"16ce44d\" data-element_type=\"container\" data-e-type=\"container\">\n\t\t\t\t\t<div class=\"e-con-inner\">\n\t\t\t\t<div class=\"elementor-element elementor-element-78298f5 elementor-widget elementor-widget-heading\" data-id=\"78298f5\" data-element_type=\"widget\" data-e-type=\"widget\" data-widget_type=\"heading.default\">\n\t\t\t\t<div class=\"elementor-widget-container\">\n\t\t\t\t\t<h6 class=\"elementor-heading-title elementor-size-default\">1.2. Respecto de datos de proveedores de bienes y servicios:<\/h6>\t\t\t\t<\/div>\n\t\t\t\t<\/div>\n\t\t\t\t\t<\/div>\n\t\t\t\t<\/div>\n\t\t<div class=\"elementor-element elementor-element-ef764df e-flex e-con-boxed e-con e-parent\" data-id=\"ef764df\" data-element_type=\"container\" data-e-type=\"container\">\n\t\t\t\t\t<div class=\"e-con-inner\">\n\t\t\t\t<div class=\"elementor-element elementor-element-20982cd elementor-widget elementor-widget-text-editor\" data-id=\"20982cd\" data-element_type=\"widget\" data-e-type=\"widget\" data-widget_type=\"text-editor.default\">\n\t\t\t\t<div class=\"elementor-widget-container\">\n\t\t\t\t\t\t\t\t\t<ul>\n \t<li>Efectuar las gestiones pertinentes para el desarrollo del objeto social de la compa\u00f1\u00eda en lo que tiene que ver con el cumplimiento del objeto del contrato celebrado con el Titular de la informaci\u00f3n o con un Tercero y para las actividades empresariales y comerciales de Greentech Ltda.<\/li>\n \t<li>Obtener y gestionar bienes y servicios;<\/li>\n \t<li>Gesti\u00f3n contable, fiscal, legal y administrativa de proveedores;<\/li>\n \t<li>Verificar antecedentes comerciales, de reputaci\u00f3n y eventuales riesgos de relacionamientos asociados al lavado de activos y financiaci\u00f3n del terrorismo.<\/li>\n \t<li>Formalizar el relacionamiento contractual con el proveedor y dar cumplimiento a las obligaciones contra\u00eddas.<\/li>\n<\/ul>\nEl tratamiento que ejecuta Greentech Ltda con la informaci\u00f3n personal consistir\u00e1 en la recolecci\u00f3n, compilaci\u00f3n, almacenamiento, uso, consulta y circulaci\u00f3n de los datos para las finalidades arriba enumeradas. Adem\u00e1s, podr\u00e1 transferir y\/o transmitir dichos datos a terceros en Colombia o en el extranjero para que realicen tratamiento de estos por cuenta de la compa\u00f1\u00eda para el desarrollo de las finalidades arriba enunciadas, o en calidad de responsable seg\u00fan el caso.\n\nTambi\u00e9n podr\u00e1 enviar los datos a terceras empresas en Colombia y en el extranjero, o con aliados comerciales para que traten la informaci\u00f3n con las mismas finalidades para las cuales fueron recolectadas. Todo lo anterior se realizar\u00e1 en nombre y\/o beneficio propio o de terceros.\t\t\t\t\t\t\t\t<\/div>\n\t\t\t\t<\/div>\n\t\t\t\t\t<\/div>\n\t\t\t\t<\/div>\n\t\t<div class=\"elementor-element elementor-element-f3c5ce0 e-flex e-con-boxed e-con e-parent\" data-id=\"f3c5ce0\" data-element_type=\"container\" data-e-type=\"container\">\n\t\t\t\t\t<div class=\"e-con-inner\">\n\t\t\t\t<div class=\"elementor-element elementor-element-4b4c36a elementor-widget elementor-widget-heading\" data-id=\"4b4c36a\" data-element_type=\"widget\" data-e-type=\"widget\" data-widget_type=\"heading.default\">\n\t\t\t\t<div class=\"elementor-widget-container\">\n\t\t\t\t\t<h6 class=\"elementor-heading-title elementor-size-default\">2. Derechos de los titulares de datos<\/h6>\t\t\t\t<\/div>\n\t\t\t\t<\/div>\n\t\t\t\t\t<\/div>\n\t\t\t\t<\/div>\n\t\t<div class=\"elementor-element elementor-element-ff8b537 e-flex e-con-boxed e-con e-parent\" data-id=\"ff8b537\" data-element_type=\"container\" data-e-type=\"container\">\n\t\t\t\t\t<div class=\"e-con-inner\">\n\t\t\t\t<div class=\"elementor-element elementor-element-632c62a elementor-widget elementor-widget-text-editor\" data-id=\"632c62a\" data-element_type=\"widget\" data-e-type=\"widget\" data-widget_type=\"text-editor.default\">\n\t\t\t\t<div class=\"elementor-widget-container\">\n\t\t\t\t\t\t\t\t\t<p>De conformidad con lo establecido en el <strong>art\u00edculo 8<\/strong> de la <strong>Ley 1581 de 2012<\/strong> el titular de los datos personales tiene los siguientes derechos:<\/p>\t\t\t\t\t\t\t\t<\/div>\n\t\t\t\t<\/div>\n\t\t\t\t\t<\/div>\n\t\t\t\t<\/div>\n\t\t<div class=\"elementor-element elementor-element-f55c462 e-flex e-con-boxed e-con e-parent\" data-id=\"f55c462\" data-element_type=\"container\" data-e-type=\"container\">\n\t\t\t\t\t<div class=\"e-con-inner\">\n\t\t\t\t<div class=\"elementor-element elementor-element-2b51104 elementor-widget elementor-widget-text-editor\" data-id=\"2b51104\" data-element_type=\"widget\" data-e-type=\"widget\" data-widget_type=\"text-editor.default\">\n\t\t\t\t<div class=\"elementor-widget-container\">\n\t\t\t\t\t\t\t\t\t<ul><li>Conocer, actualizar y rectificar sus datos personales frente a Greentech Ltda., en su condici\u00f3n de responsable del tratamiento.<\/li><li>Solicitar prueba de la autorizaci\u00f3n otorgada a Greentech. en su condici\u00f3n de responsable del tratamiento.<\/li><li>Ser informado por Greentech Ltda previa solicitud, respecto del uso que les ha dado a sus datos personales.<\/li><li>Presentar ante la Superintendencia de Industria y Comercio quejas por infracciones, una vez haya agotado el tr\u00e1mite de consulta o reclamo ante el responsable del tratamiento, seg\u00fan lo dispuesto en la presente pol\u00edtica.<\/li><li>Revocar la autorizaci\u00f3n y\/o solicitar la supresi\u00f3n del dato.<\/li><li>Acceder a sus datos personales que hayan sido objeto de tratamiento.<\/li><\/ul>\t\t\t\t\t\t\t\t<\/div>\n\t\t\t\t<\/div>\n\t\t\t\t\t<\/div>\n\t\t\t\t<\/div>\n\t\t<div class=\"elementor-element elementor-element-16a1b3c e-flex e-con-boxed e-con e-parent\" data-id=\"16a1b3c\" data-element_type=\"container\" data-e-type=\"container\">\n\t\t\t\t\t<div class=\"e-con-inner\">\n\t\t\t\t<div class=\"elementor-element elementor-element-90a1071 elementor-widget elementor-widget-heading\" data-id=\"90a1071\" data-element_type=\"widget\" data-e-type=\"widget\" data-widget_type=\"heading.default\">\n\t\t\t\t<div class=\"elementor-widget-container\">\n\t\t\t\t\t<h6 class=\"elementor-heading-title elementor-size-default\">3. Ejercicio de derechos<\/h6>\t\t\t\t<\/div>\n\t\t\t\t<\/div>\n\t\t\t\t\t<\/div>\n\t\t\t\t<\/div>\n\t\t<div class=\"elementor-element elementor-element-b4eb2a6 e-flex e-con-boxed e-con e-parent\" data-id=\"b4eb2a6\" data-element_type=\"container\" data-e-type=\"container\">\n\t\t\t\t\t<div class=\"e-con-inner\">\n\t\t\t\t<div class=\"elementor-element elementor-element-ecac320 elementor-widget elementor-widget-text-editor\" data-id=\"ecac320\" data-element_type=\"widget\" data-e-type=\"widget\" data-widget_type=\"text-editor.default\">\n\t\t\t\t<div class=\"elementor-widget-container\">\n\t\t\t\t\t\t\t\t\t<p>Los titulares de la informaci\u00f3n tienen derecho a acceder a sus datos personales y a los detalles del tratamiento de estos, as\u00ed como a rectificarlos y actualizarlos en caso de ser inexactos o a solicitar su eliminaci\u00f3n cuando considere que resulten ser excesivos o innecesarios para las finalidades que justificaron su obtenci\u00f3n u oponerse al tratamiento de estos para fines espec\u00edficos.<\/p>\t\t\t\t\t\t\t\t<\/div>\n\t\t\t\t<\/div>\n\t\t\t\t\t<\/div>\n\t\t\t\t<\/div>\n\t\t<div class=\"elementor-element elementor-element-05a08fd e-flex e-con-boxed e-con e-parent\" data-id=\"05a08fd\" data-element_type=\"container\" data-e-type=\"container\">\n\t\t\t\t\t<div class=\"e-con-inner\">\n\t\t\t\t<div class=\"elementor-element elementor-element-b83f8cc elementor-widget elementor-widget-heading\" data-id=\"b83f8cc\" data-element_type=\"widget\" data-e-type=\"widget\" data-widget_type=\"heading.default\">\n\t\t\t\t<div class=\"elementor-widget-container\">\n\t\t\t\t\t<h6 class=\"elementor-heading-title elementor-size-default\">3.1. Canales habilitados para el ejercicio de los Derechos de los Titulares:<\/h6>\t\t\t\t<\/div>\n\t\t\t\t<\/div>\n\t\t\t\t\t<\/div>\n\t\t\t\t<\/div>\n\t\t<div class=\"elementor-element elementor-element-8986c7e e-flex e-con-boxed e-con e-parent\" data-id=\"8986c7e\" data-element_type=\"container\" data-e-type=\"container\">\n\t\t\t\t\t<div class=\"e-con-inner\">\n\t\t\t\t<div class=\"elementor-element elementor-element-6db71c2 elementor-widget elementor-widget-text-editor\" data-id=\"6db71c2\" data-element_type=\"widget\" data-e-type=\"widget\" data-widget_type=\"text-editor.default\">\n\t\t\t\t<div class=\"elementor-widget-container\">\n\t\t\t\t\t\t\t\t\t<p><strong>Oficinas f\u00edsicas:<\/strong> Avenida Cra. 19 # 95-20, Of. 905 en la ciudad de Bogot\u00e1.<br \/><strong>Correo electr\u00f3nico:<\/strong> <a href=\"mailto:info@greentech.com.co\">info@greentech.com.co<\/a><\/p>\t\t\t\t\t\t\t\t<\/div>\n\t\t\t\t<\/div>\n\t\t\t\t\t<\/div>\n\t\t\t\t<\/div>\n\t\t<div class=\"elementor-element elementor-element-1169af5 e-flex e-con-boxed e-con e-parent\" data-id=\"1169af5\" data-element_type=\"container\" data-e-type=\"container\">\n\t\t\t\t\t<div class=\"e-con-inner\">\n\t\t\t\t<div class=\"elementor-element elementor-element-165e96b elementor-widget elementor-widget-heading\" data-id=\"165e96b\" data-element_type=\"widget\" data-e-type=\"widget\" data-widget_type=\"heading.default\">\n\t\t\t\t<div class=\"elementor-widget-container\">\n\t\t\t\t\t<h6 class=\"elementor-heading-title elementor-size-default\">4. Vigencia<\/h6>\t\t\t\t<\/div>\n\t\t\t\t<\/div>\n\t\t\t\t\t<\/div>\n\t\t\t\t<\/div>\n\t\t<div class=\"elementor-element elementor-element-663da5b e-flex e-con-boxed e-con e-parent\" data-id=\"663da5b\" data-element_type=\"container\" data-e-type=\"container\">\n\t\t\t\t\t<div class=\"e-con-inner\">\n\t\t\t\t<div class=\"elementor-element elementor-element-001382d elementor-widget elementor-widget-text-editor\" data-id=\"001382d\" data-element_type=\"widget\" data-e-type=\"widget\" data-widget_type=\"text-editor.default\">\n\t\t\t\t<div class=\"elementor-widget-container\">\n\t\t\t\t\t\t\t\t\t<p>Las bases de datos en las que se registrar\u00e1n los datos personales tendr\u00e1n una vigencia igual al tiempo en que se mantenga y utilice la informaci\u00f3n para las finalidades descritas en esta pol\u00edtica. Los datos personales proporcionados se conservar\u00e1n mientras se mantenga la relaci\u00f3n con base en las finalidades y relaci\u00f3n con el titular de la informaci\u00f3n.<\/p>\t\t\t\t\t\t\t\t<\/div>\n\t\t\t\t<\/div>\n\t\t\t\t\t<\/div>\n\t\t\t\t<\/div>\n\t\t\t\t<\/div>\n\t\t","protected":false},"excerpt":{"rendered":"<p>POL\u00cdTICAS PARA EL TRATAMIENTO DE DATOS OBJETIVO Mediante la implementaci\u00f3n de esta pol\u00edtica se da cumplimiento a la Ley Estatutaria de Habeas Data No. 1581 de 2012, sus decretos reglamentarios y circulares expedidas por la Superintendencia de Industria y Comercio en todo lo relacionado con la protecci\u00f3n de los datos personales. ALCANCE Las pol\u00edticas y&#8230;<\/p>\n","protected":false},"author":1,"featured_media":0,"parent":0,"menu_order":0,"comment_status":"closed","ping_status":"closed","template":"","meta":{"_monsterinsights_skip_tracking":false,"_monsterinsights_sitenote_active":false,"_monsterinsights_sitenote_note":"","_monsterinsights_sitenote_category":0,"footnotes":""},"class_list":["post-10029","page","type-page","status-publish","hentry"],"aioseo_notices":[],"_links":{"self":[{"href":"https:\/\/greentech.com.co\/index.php\/wp-json\/wp\/v2\/pages\/10029","targetHints":{"allow":["GET"]}}],"collection":[{"href":"https:\/\/greentech.com.co\/index.php\/wp-json\/wp\/v2\/pages"}],"about":[{"href":"https:\/\/greentech.com.co\/index.php\/wp-json\/wp\/v2\/types\/page"}],"author":[{"embeddable":true,"href":"https:\/\/greentech.com.co\/index.php\/wp-json\/wp\/v2\/users\/1"}],"replies":[{"embeddable":true,"href":"https:\/\/greentech.com.co\/index.php\/wp-json\/wp\/v2\/comments?post=10029"}],"version-history":[{"count":82,"href":"https:\/\/greentech.com.co\/index.php\/wp-json\/wp\/v2\/pages\/10029\/revisions"}],"predecessor-version":[{"id":11568,"href":"https:\/\/greentech.com.co\/index.php\/wp-json\/wp\/v2\/pages\/10029\/revisions\/11568"}],"wp:attachment":[{"href":"https:\/\/greentech.com.co\/index.php\/wp-json\/wp\/v2\/media?parent=10029"}],"curies":[{"name":"wp","href":"https:\/\/api.w.org\/{rel}","templated":true}]}}